{"id":16479,"date":"2023-11-26T15:02:26","date_gmt":"2023-11-26T15:02:26","guid":{"rendered":"https:\/\/basereps.com\/the-north-face-replica-blaues-eis-nuptse-daunenjacke\/"},"modified":"2024-04-13T22:42:26","modified_gmt":"2024-04-13T22:42:26","slug":"the-north-face-replica-blaues-eis-nuptse-daunenjacke","status":"publish","type":"product","link":"https:\/\/basereps.com\/de\/produkt\/the-north-face-replica-blaues-eis-nuptse-daunenjacke\/","title":{"rendered":"The North Face Replica Blaues Eis Nuptse Daunenjacke"},"content":{"rendered":"<p><span data-preserver-spaces=\"true\">Erleben Sie unvergleichlichen Stil und Komfort mit <\/span><strong><br \/>\n  <span data-preserver-spaces=\"true\">The North Face Replica Blue Ice Nuptse Daunenjacke<\/span><br \/>\n<\/strong><span data-preserver-spaces=\"true\">, eine perfekte Verbindung von Mode und Funktionalit\u00e4t. Diese sorgf\u00e4ltig gefertigte Replik erweckt das ikonische Nuptse-Design zum Leben und verbindet klassische \u00c4sthetik mit moderner Funktionalit\u00e4t. Das leuchtend blaue Eis verleiht ihm einen Hauch von Eleganz und macht ihn zur perfekten Wahl f\u00fcr alle, die gerne auffallen.<\/span><\/p>\n","protected":false},"excerpt":{"rendered":"<p>Erleben Sie unvergleichlichen Stil und Komfort mit The North Face Replica Blue Ice Nuptse Daunenjacke , eine perfekte&hellip;<\/p>\n","protected":false},"featured_media":14221,"comment_status":"open","ping_status":"closed","template":"","meta":{"_acf_changed":false},"product_cat":[688,780,793,778,803,804],"product_tag":[686,876],"class_list":{"0":"post-16479","1":"product","2":"type-product","3":"status-publish","4":"has-post-thumbnail","6":"product_cat-damen-replica-kollektion","7":"product_cat-frauen-reps-jacken","8":"product_cat-herren-kollektion","9":"product_cat-kollektion-damenbekleidung","10":"product_cat-replica-bekleidung-fuer-herren","11":"product_cat-replica-herren-jacken-online-kaufen","12":"product_tag-frauen","13":"product_tag-maenner","14":"product_brand-the-north-face-reps","16":"first","17":"instock","18":"sale","19":"taxable","20":"shipping-taxable","21":"purchasable","22":"product-type-variable"},"acf":[],"jetpack_sharing_enabled":true,"_links":{"self":[{"href":"https:\/\/basereps.com\/de\/wp-json\/wp\/v2\/product\/16479","targetHints":{"allow":["GET"]}}],"collection":[{"href":"https:\/\/basereps.com\/de\/wp-json\/wp\/v2\/product"}],"about":[{"href":"https:\/\/basereps.com\/de\/wp-json\/wp\/v2\/types\/product"}],"replies":[{"embeddable":true,"href":"https:\/\/basereps.com\/de\/wp-json\/wp\/v2\/comments?post=16479"}],"version-history":[{"count":1,"href":"https:\/\/basereps.com\/de\/wp-json\/wp\/v2\/product\/16479\/revisions"}],"predecessor-version":[{"id":16492,"href":"https:\/\/basereps.com\/de\/wp-json\/wp\/v2\/product\/16479\/revisions\/16492"}],"wp:featuredmedia":[{"embeddable":true,"href":"https:\/\/basereps.com\/de\/wp-json\/wp\/v2\/media\/14221"}],"wp:attachment":[{"href":"https:\/\/basereps.com\/de\/wp-json\/wp\/v2\/media?parent=16479"}],"wp:term":[{"taxonomy":"product_cat","embeddable":true,"href":"https:\/\/basereps.com\/de\/wp-json\/wp\/v2\/product_cat?post=16479"},{"taxonomy":"product_tag","embeddable":true,"href":"https:\/\/basereps.com\/de\/wp-json\/wp\/v2\/product_tag?post=16479"}],"curies":[{"name":"wp","href":"https:\/\/api.w.org\/{rel}","templated":true}]}}