{"id":16462,"date":"2023-12-16T19:47:31","date_gmt":"2023-12-16T19:47:31","guid":{"rendered":"https:\/\/basereps.com\/panda-custom-x-air-jordan-3-wiederholungen\/"},"modified":"2024-06-02T18:57:12","modified_gmt":"2024-06-02T18:57:12","slug":"panda-custom-x-air-jordan-3-reps","status":"publish","type":"product","link":"https:\/\/basereps.com\/de\/produkt\/panda-custom-x-air-jordan-3-reps\/","title":{"rendered":"Panda Custom x Air Jordan 3 Reps"},"content":{"rendered":"<p>Der Panda Custom x Air Jordan 3 Reps vereint k\u00fcnstlerischen Ausdruck und sportliche Leistung. Inspiriert von der beliebten Air Jordan 3 Silhouette, f\u00fcgt dieses individuelle Design mit seinem Panda-Thema eine einzigartige Note hinzu. Die schwarz-wei\u00dfe Farbgebung, die an den ikonischen B\u00e4ren erinnert, schafft einen auff\u00e4lligen visuellen Kontrast, w\u00e4hrend die hochwertigen Materialien und das fachkundige Handwerk sowohl Stil als auch Langlebigkeit gew\u00e4hrleisten. Ob auf dem Platz oder als modisches Statement, diese Sneaker sind ein Zeugnis f\u00fcr Individualit\u00e4t und Kreativit\u00e4t und erm\u00f6glichen es den Tr\u00e4gern, mit jedem Schritt aus der Masse hervorzustechen.<\/p>\n","protected":false},"excerpt":{"rendered":"<p>Der Panda Custom x Air Jordan 3 Reps vereint k\u00fcnstlerischen Ausdruck und sportliche Leistung. Inspiriert von der beliebten&hellip;<\/p>\n","protected":false},"featured_media":14385,"comment_status":"open","ping_status":"closed","template":"","meta":{"_acf_changed":false},"product_cat":[826,824,821],"product_tag":[894,686,876],"class_list":{"0":"post-16462","1":"product","2":"type-product","3":"status-publish","4":"has-post-thumbnail","6":"product_cat-air-jordan-3-reps-schuhe","7":"product_cat-air-jordan-reps-schuhe","8":"product_cat-reps-schuhe","9":"product_tag-dc0776-de","10":"product_tag-frauen","11":"product_tag-maenner","12":"product_brand-nike-reps","14":"first","15":"instock","16":"sale","17":"taxable","18":"shipping-taxable","19":"purchasable","20":"product-type-variable"},"acf":[],"jetpack_sharing_enabled":true,"_links":{"self":[{"href":"https:\/\/basereps.com\/de\/wp-json\/wp\/v2\/product\/16462","targetHints":{"allow":["GET"]}}],"collection":[{"href":"https:\/\/basereps.com\/de\/wp-json\/wp\/v2\/product"}],"about":[{"href":"https:\/\/basereps.com\/de\/wp-json\/wp\/v2\/types\/product"}],"replies":[{"embeddable":true,"href":"https:\/\/basereps.com\/de\/wp-json\/wp\/v2\/comments?post=16462"}],"version-history":[{"count":3,"href":"https:\/\/basereps.com\/de\/wp-json\/wp\/v2\/product\/16462\/revisions"}],"predecessor-version":[{"id":19788,"href":"https:\/\/basereps.com\/de\/wp-json\/wp\/v2\/product\/16462\/revisions\/19788"}],"wp:featuredmedia":[{"embeddable":true,"href":"https:\/\/basereps.com\/de\/wp-json\/wp\/v2\/media\/14385"}],"wp:attachment":[{"href":"https:\/\/basereps.com\/de\/wp-json\/wp\/v2\/media?parent=16462"}],"wp:term":[{"taxonomy":"product_cat","embeddable":true,"href":"https:\/\/basereps.com\/de\/wp-json\/wp\/v2\/product_cat?post=16462"},{"taxonomy":"product_tag","embeddable":true,"href":"https:\/\/basereps.com\/de\/wp-json\/wp\/v2\/product_tag?post=16462"}],"curies":[{"name":"wp","href":"https:\/\/api.w.org\/{rel}","templated":true}]}}