{"id":16446,"date":"2023-12-16T15:15:23","date_gmt":"2023-12-16T15:15:23","guid":{"rendered":"https:\/\/basereps.com\/air-jordan-1-reps-niedrig-sirenenrot\/"},"modified":"2024-06-03T13:32:24","modified_gmt":"2024-06-03T13:32:24","slug":"air-jordan-1-reps-low-siren-rot","status":"publish","type":"product","link":"https:\/\/basereps.com\/de\/produkt\/air-jordan-1-reps-low-siren-rot\/","title":{"rendered":"Air Jordan 1 Reps Low Siren Rot"},"content":{"rendered":"<p>Der Air Jordan 1 Reps Low Siren Rot ist eine Hommage an den ikonischen Air Jordan 1 Silhouette in einer Low-Top-Version und pr\u00e4sentiert ein kraftvolles und lebendiges Rot. Mit seinem markanten Design und hochwertigen Materialien bietet dieser Sneaker eine zeitgem\u00e4\u00dfe Interpretation eines klassischen Favoriten. Die intensive rote Farbe wird durch subtile Akzente erg\u00e4nzt, was eine optisch ansprechende \u00c4sthetik schafft, die Aufmerksamkeit erregt. Gebaut f\u00fcr Stil und Komfort ist der Air Jordan 1 Reps Low Siren Rot eine vielseitige Wahl f\u00fcr jeden Sneaker-Enthusiasten, der sowohl auf als auch abseits des Platzes Eindruck hinterlassen m\u00f6chte.<\/p>\n","protected":false},"excerpt":{"rendered":"<p>Der Air Jordan 1 Reps Low Siren Rot ist eine Hommage an den ikonischen Air Jordan 1 Silhouette&hellip;<\/p>\n","protected":false},"featured_media":14365,"comment_status":"open","ping_status":"closed","template":"","meta":{"_acf_changed":false},"product_cat":[825,824,821],"product_tag":[893,686,876],"class_list":{"0":"post-16446","1":"product","2":"type-product","3":"status-publish","4":"has-post-thumbnail","6":"product_cat-air-jordan-1-reps-schuhe","7":"product_cat-air-jordan-reps-schuhe","8":"product_cat-reps-schuhe","9":"product_tag-dc0774-de","10":"product_tag-frauen","11":"product_tag-maenner","12":"product_brand-nike-reps","14":"first","15":"instock","16":"sale","17":"taxable","18":"shipping-taxable","19":"purchasable","20":"product-type-variable"},"acf":[],"jetpack_sharing_enabled":true,"_links":{"self":[{"href":"https:\/\/basereps.com\/de\/wp-json\/wp\/v2\/product\/16446","targetHints":{"allow":["GET"]}}],"collection":[{"href":"https:\/\/basereps.com\/de\/wp-json\/wp\/v2\/product"}],"about":[{"href":"https:\/\/basereps.com\/de\/wp-json\/wp\/v2\/types\/product"}],"replies":[{"embeddable":true,"href":"https:\/\/basereps.com\/de\/wp-json\/wp\/v2\/comments?post=16446"}],"version-history":[{"count":4,"href":"https:\/\/basereps.com\/de\/wp-json\/wp\/v2\/product\/16446\/revisions"}],"predecessor-version":[{"id":19800,"href":"https:\/\/basereps.com\/de\/wp-json\/wp\/v2\/product\/16446\/revisions\/19800"}],"wp:featuredmedia":[{"embeddable":true,"href":"https:\/\/basereps.com\/de\/wp-json\/wp\/v2\/media\/14365"}],"wp:attachment":[{"href":"https:\/\/basereps.com\/de\/wp-json\/wp\/v2\/media?parent=16446"}],"wp:term":[{"taxonomy":"product_cat","embeddable":true,"href":"https:\/\/basereps.com\/de\/wp-json\/wp\/v2\/product_cat?post=16446"},{"taxonomy":"product_tag","embeddable":true,"href":"https:\/\/basereps.com\/de\/wp-json\/wp\/v2\/product_tag?post=16446"}],"curies":[{"name":"wp","href":"https:\/\/api.w.org\/{rel}","templated":true}]}}