{"id":16433,"date":"2023-11-27T03:55:20","date_gmt":"2023-11-27T03:55:20","guid":{"rendered":"https:\/\/basereps.com\/supreme-x-the-north-face-reps-schwarze-jacke-mit-nieten\/"},"modified":"2024-04-13T22:42:24","modified_gmt":"2024-04-13T22:42:24","slug":"supreme-x-the-north-face-reps-schwarze","status":"publish","type":"product","link":"https:\/\/basereps.com\/de\/produkt\/supreme-x-the-north-face-reps-schwarze\/","title":{"rendered":"Supreme x The North Face Reps Schwarze Jacke mit Nieten"},"content":{"rendered":"<p>Die Supreme x The North Face Reps Schwarze Jacke vereint erstklassige Qualit\u00e4t und ikonisches Design. Diese exklusive Zusammenarbeit pr\u00e4sentiert eine schwarze Jacke, die durch ihre unverkennbare \u00c4sthetik und hochwertige Reproduktion beeindruckt. Mit unverkennbarem Supreme-Branding und den technologischen Merkmalen von The North Face ist diese Jacke nicht nur ein Statement in Sachen Style, sondern auch eine Hommage an die Innovationskraft beider Marken. Holen Sie sich mit der Supreme x The North Face Reps Schwarze Jacke ein St\u00fcck Streetwear-Geschichte und erleben Sie den H\u00f6hepunkt der Modekollaborationen.<\/p>\n","protected":false},"excerpt":{"rendered":"<p>Die Supreme x The North Face Reps Schwarze Jacke vereint erstklassige Qualit\u00e4t und ikonisches Design. Diese exklusive Zusammenarbeit&hellip;<\/p>\n","protected":false},"featured_media":14148,"comment_status":"open","ping_status":"closed","template":"","meta":{"_acf_changed":false},"product_cat":[688,780,793,778,803,804],"product_tag":[686,876],"class_list":{"0":"post-16433","1":"product","2":"type-product","3":"status-publish","4":"has-post-thumbnail","6":"product_cat-damen-replica-kollektion","7":"product_cat-frauen-reps-jacken","8":"product_cat-herren-kollektion","9":"product_cat-kollektion-damenbekleidung","10":"product_cat-replica-bekleidung-fuer-herren","11":"product_cat-replica-herren-jacken-online-kaufen","12":"product_tag-frauen","13":"product_tag-maenner","14":"product_brand-the-north-face-reps","16":"first","17":"instock","18":"sale","19":"taxable","20":"shipping-taxable","21":"purchasable","22":"product-type-variable"},"acf":[],"jetpack_sharing_enabled":true,"_links":{"self":[{"href":"https:\/\/basereps.com\/de\/wp-json\/wp\/v2\/product\/16433","targetHints":{"allow":["GET"]}}],"collection":[{"href":"https:\/\/basereps.com\/de\/wp-json\/wp\/v2\/product"}],"about":[{"href":"https:\/\/basereps.com\/de\/wp-json\/wp\/v2\/types\/product"}],"replies":[{"embeddable":true,"href":"https:\/\/basereps.com\/de\/wp-json\/wp\/v2\/comments?post=16433"}],"version-history":[{"count":3,"href":"https:\/\/basereps.com\/de\/wp-json\/wp\/v2\/product\/16433\/revisions"}],"predecessor-version":[{"id":16838,"href":"https:\/\/basereps.com\/de\/wp-json\/wp\/v2\/product\/16433\/revisions\/16838"}],"wp:featuredmedia":[{"embeddable":true,"href":"https:\/\/basereps.com\/de\/wp-json\/wp\/v2\/media\/14148"}],"wp:attachment":[{"href":"https:\/\/basereps.com\/de\/wp-json\/wp\/v2\/media?parent=16433"}],"wp:term":[{"taxonomy":"product_cat","embeddable":true,"href":"https:\/\/basereps.com\/de\/wp-json\/wp\/v2\/product_cat?post=16433"},{"taxonomy":"product_tag","embeddable":true,"href":"https:\/\/basereps.com\/de\/wp-json\/wp\/v2\/product_tag?post=16433"}],"curies":[{"name":"wp","href":"https:\/\/api.w.org\/{rel}","templated":true}]}}