{"id":16406,"date":"2023-11-27T05:14:37","date_gmt":"2023-11-27T05:14:37","guid":{"rendered":"https:\/\/basereps.com\/the-north-face-replica-x-brain-dead-nuptse-jacke\/"},"modified":"2024-04-13T22:42:22","modified_gmt":"2024-04-13T22:42:22","slug":"the-north-face-replica-x-brain-dead-nuptse-jacke","status":"publish","type":"product","link":"https:\/\/basereps.com\/de\/produkt\/the-north-face-replica-x-brain-dead-nuptse-jacke\/","title":{"rendered":"The North Face Replica x Brain Dead Nuptse Jacke"},"content":{"rendered":"<p><span data-preserver-spaces=\"true\">Enth\u00fclle ein mutiges Statement in Sachen Outdoor-Mode mit <\/span><strong><br \/>\n  <span data-preserver-spaces=\"true\">The North Face Replica x Brain Dead Nuptse Jacke<\/span><br \/>\n<\/strong><span data-preserver-spaces=\"true\">. Diese exklusive Jacke markiert die bahnbrechende Zusammenarbeit zwischen The North Face und der innovativen Streetwear-Marke Brain Dead. Brain Dead ist bekannt f\u00fcr seinen unkonventionellen und k\u00fcnstlerischen Ansatz und verleiht dem klassischen Nuptse-Design von The North Face ein einzigartiges Flair. Diese Jacke ist eine Mischung aus Stil und Funktion und ein Symbol f\u00fcr Kreativit\u00e4t und Innovation, ideal f\u00fcr diejenigen, die in Sachen Mode und Abenteuer den Weg vorgeben.<\/span><\/p>\n","protected":false},"excerpt":{"rendered":"<p>Enth\u00fclle ein mutiges Statement in Sachen Outdoor-Mode mit The North Face Replica x Brain Dead Nuptse Jacke .&hellip;<\/p>\n","protected":false},"featured_media":14238,"comment_status":"open","ping_status":"closed","template":"","meta":{"_acf_changed":false},"product_cat":[688,780,793,778,803,804],"product_tag":[686,876],"class_list":{"0":"post-16406","1":"product","2":"type-product","3":"status-publish","4":"has-post-thumbnail","6":"product_cat-damen-replica-kollektion","7":"product_cat-frauen-reps-jacken","8":"product_cat-herren-kollektion","9":"product_cat-kollektion-damenbekleidung","10":"product_cat-replica-bekleidung-fuer-herren","11":"product_cat-replica-herren-jacken-online-kaufen","12":"product_tag-frauen","13":"product_tag-maenner","14":"product_brand-the-north-face-reps","16":"first","17":"instock","18":"sale","19":"taxable","20":"shipping-taxable","21":"purchasable","22":"product-type-variable"},"acf":[],"jetpack_sharing_enabled":true,"_links":{"self":[{"href":"https:\/\/basereps.com\/de\/wp-json\/wp\/v2\/product\/16406","targetHints":{"allow":["GET"]}}],"collection":[{"href":"https:\/\/basereps.com\/de\/wp-json\/wp\/v2\/product"}],"about":[{"href":"https:\/\/basereps.com\/de\/wp-json\/wp\/v2\/types\/product"}],"replies":[{"embeddable":true,"href":"https:\/\/basereps.com\/de\/wp-json\/wp\/v2\/comments?post=16406"}],"version-history":[{"count":1,"href":"https:\/\/basereps.com\/de\/wp-json\/wp\/v2\/product\/16406\/revisions"}],"predecessor-version":[{"id":17061,"href":"https:\/\/basereps.com\/de\/wp-json\/wp\/v2\/product\/16406\/revisions\/17061"}],"wp:featuredmedia":[{"embeddable":true,"href":"https:\/\/basereps.com\/de\/wp-json\/wp\/v2\/media\/14238"}],"wp:attachment":[{"href":"https:\/\/basereps.com\/de\/wp-json\/wp\/v2\/media?parent=16406"}],"wp:term":[{"taxonomy":"product_cat","embeddable":true,"href":"https:\/\/basereps.com\/de\/wp-json\/wp\/v2\/product_cat?post=16406"},{"taxonomy":"product_tag","embeddable":true,"href":"https:\/\/basereps.com\/de\/wp-json\/wp\/v2\/product_tag?post=16406"}],"curies":[{"name":"wp","href":"https:\/\/api.w.org\/{rel}","templated":true}]}}