{"id":16404,"date":"2023-12-15T16:14:33","date_gmt":"2023-12-15T16:14:33","guid":{"rendered":"https:\/\/basereps.com\/constance-18-alligator-schwarz\/"},"modified":"2024-04-13T22:42:20","modified_gmt":"2024-04-13T22:42:20","slug":"constance-18-alligator-schwarz","status":"publish","type":"product","link":"https:\/\/basereps.com\/de\/produkt\/constance-18-alligator-schwarz\/","title":{"rendered":"Constance 18 Alligator Schwarz"},"content":{"rendered":"<p><span data-preserver-spaces=\"true\">Die <\/span><strong><br \/>\n  <span data-preserver-spaces=\"true\">Constance 18 Alligator Schwarz<\/span><br \/>\n<\/strong><span data-preserver-spaces=\"true\">  symbolisiert Eleganz und Luxus, ein renommiertes Meisterwerk aus der Herm\u00e8s Reps Kollektion. Diese exquisite, aus feinstem Alligatorleder gefertigte Tasche strahlt Raffinesse und zeitlosen Stil aus. Die  <\/span><strong><span data-preserver-spaces=\"true\">Constance 18 Alligator Schwarz<\/span><\/strong><span data-preserver-spaces=\"true\">  ist nicht nur ein Accessoire, sondern ein modisches Statement. Der schlichte schwarze Farbton und die hochwertige Textur machen ihn vielseitig einsetzbar und eignen sich f\u00fcr formelle Anl\u00e4sse ebenso wie f\u00fcr die Eleganz des Alltags. Die ikonische H-Schlie\u00dfe, ein Markenzeichen von Herm\u00e8s, verleiht dem Modell Glamour und Wiedererkennung.  <\/span><strong><br \/>\n  <span data-preserver-spaces=\"true\">Constance 18 Alligator Schwarz<\/span><br \/>\n<\/strong><span data-preserver-spaces=\"true\">und macht sie zu einem begehrten Objekt f\u00fcr Modekenner.<\/span><\/p>\n","protected":false},"excerpt":{"rendered":"<p>Die Constance 18 Alligator Schwarz symbolisiert Eleganz und Luxus, ein renommiertes Meisterwerk aus der Herm\u00e8s Reps Kollektion. Diese&hellip;<\/p>\n","protected":false},"featured_media":14332,"comment_status":"open","ping_status":"closed","template":"","meta":{"_acf_changed":false},"product_cat":[688,789,791],"product_tag":[686],"class_list":{"0":"post-16404","1":"product","2":"type-product","3":"status-publish","4":"has-post-thumbnail","6":"product_cat-damen-replica-kollektion","7":"product_cat-replica-taschen-fuer-damen","8":"product_cat-umhaengetaschen-schultertaschen-fuer-damen","9":"product_tag-frauen","10":"product_brand-hermes-reps","12":"first","13":"instock","14":"sale","15":"taxable","16":"shipping-taxable","17":"purchasable","18":"product-type-variable"},"acf":[],"jetpack_sharing_enabled":true,"_links":{"self":[{"href":"https:\/\/basereps.com\/de\/wp-json\/wp\/v2\/product\/16404","targetHints":{"allow":["GET"]}}],"collection":[{"href":"https:\/\/basereps.com\/de\/wp-json\/wp\/v2\/product"}],"about":[{"href":"https:\/\/basereps.com\/de\/wp-json\/wp\/v2\/types\/product"}],"replies":[{"embeddable":true,"href":"https:\/\/basereps.com\/de\/wp-json\/wp\/v2\/comments?post=16404"}],"version-history":[{"count":1,"href":"https:\/\/basereps.com\/de\/wp-json\/wp\/v2\/product\/16404\/revisions"}],"predecessor-version":[{"id":17057,"href":"https:\/\/basereps.com\/de\/wp-json\/wp\/v2\/product\/16404\/revisions\/17057"}],"wp:featuredmedia":[{"embeddable":true,"href":"https:\/\/basereps.com\/de\/wp-json\/wp\/v2\/media\/14332"}],"wp:attachment":[{"href":"https:\/\/basereps.com\/de\/wp-json\/wp\/v2\/media?parent=16404"}],"wp:term":[{"taxonomy":"product_cat","embeddable":true,"href":"https:\/\/basereps.com\/de\/wp-json\/wp\/v2\/product_cat?post=16404"},{"taxonomy":"product_tag","embeddable":true,"href":"https:\/\/basereps.com\/de\/wp-json\/wp\/v2\/product_tag?post=16404"}],"curies":[{"name":"wp","href":"https:\/\/api.w.org\/{rel}","templated":true}]}}