{"id":16401,"date":"2023-11-27T03:29:20","date_gmt":"2023-11-27T03:29:20","guid":{"rendered":"https:\/\/basereps.com\/supreme-x-the-north-face-reps-rote-nietenjacke\/"},"modified":"2024-04-13T22:42:24","modified_gmt":"2024-04-13T22:42:24","slug":"supreme-x-the-north-face-reps-rote-nietenjacke","status":"publish","type":"product","link":"https:\/\/basereps.com\/de\/produkt\/supreme-x-the-north-face-reps-rote-nietenjacke\/","title":{"rendered":"Supreme x The North Face Reps Rote Nietenjacke"},"content":{"rendered":"<p><span data-preserver-spaces=\"true\">Wir pr\u00e4sentieren die Supreme x The North Face Reps Red Studded Jacket<\/span><span data-preserver-spaces=\"true\">Eine Mischung aus modischem Anspruch und praktischer Outdoor-Funktionalit\u00e4t. Diese leuchtend rote Jacke, die aus der genialen Zusammenarbeit von Supreme und The North Face hervorgegangen ist, besticht durch ihr einzigartiges Nietenmuster. Er verbindet nahtlos die klassische Nuptse-Bauweise mit dem urbanen Flair von Supreme und schafft so ein St\u00fcck, das sowohl ein modisches Statement als auch ein Zeugnis f\u00fcr Qualit\u00e4t und Haltbarkeit ist.<\/span><\/p>\n","protected":false},"excerpt":{"rendered":"<p>Wir pr\u00e4sentieren die Supreme x The North Face Reps Red Studded JacketEine Mischung aus modischem Anspruch und praktischer&hellip;<\/p>\n","protected":false},"featured_media":14229,"comment_status":"open","ping_status":"closed","template":"","meta":{"_acf_changed":false},"product_cat":[688,780,793,778,803,804],"product_tag":[686,876],"class_list":{"0":"post-16401","1":"product","2":"type-product","3":"status-publish","4":"has-post-thumbnail","6":"product_cat-damen-replica-kollektion","7":"product_cat-frauen-reps-jacken","8":"product_cat-herren-kollektion","9":"product_cat-kollektion-damenbekleidung","10":"product_cat-replica-bekleidung-fuer-herren","11":"product_cat-replica-herren-jacken-online-kaufen","12":"product_tag-frauen","13":"product_tag-maenner","14":"product_brand-the-north-face-reps","16":"first","17":"instock","18":"sale","19":"taxable","20":"shipping-taxable","21":"purchasable","22":"product-type-variable"},"acf":[],"jetpack_sharing_enabled":true,"_links":{"self":[{"href":"https:\/\/basereps.com\/de\/wp-json\/wp\/v2\/product\/16401","targetHints":{"allow":["GET"]}}],"collection":[{"href":"https:\/\/basereps.com\/de\/wp-json\/wp\/v2\/product"}],"about":[{"href":"https:\/\/basereps.com\/de\/wp-json\/wp\/v2\/types\/product"}],"replies":[{"embeddable":true,"href":"https:\/\/basereps.com\/de\/wp-json\/wp\/v2\/comments?post=16401"}],"version-history":[{"count":1,"href":"https:\/\/basereps.com\/de\/wp-json\/wp\/v2\/product\/16401\/revisions"}],"predecessor-version":[{"id":17065,"href":"https:\/\/basereps.com\/de\/wp-json\/wp\/v2\/product\/16401\/revisions\/17065"}],"wp:featuredmedia":[{"embeddable":true,"href":"https:\/\/basereps.com\/de\/wp-json\/wp\/v2\/media\/14229"}],"wp:attachment":[{"href":"https:\/\/basereps.com\/de\/wp-json\/wp\/v2\/media?parent=16401"}],"wp:term":[{"taxonomy":"product_cat","embeddable":true,"href":"https:\/\/basereps.com\/de\/wp-json\/wp\/v2\/product_cat?post=16401"},{"taxonomy":"product_tag","embeddable":true,"href":"https:\/\/basereps.com\/de\/wp-json\/wp\/v2\/product_tag?post=16401"}],"curies":[{"name":"wp","href":"https:\/\/api.w.org\/{rel}","templated":true}]}}