{"id":16390,"date":"2023-11-26T14:21:33","date_gmt":"2023-11-26T14:21:33","guid":{"rendered":"https:\/\/basereps.com\/the-north-face-replica-korea-nuptse-daunenjacke\/"},"modified":"2024-04-13T22:42:27","modified_gmt":"2024-04-13T22:42:27","slug":"the-north-face-replica-korea-nuptse-daunenjacke","status":"publish","type":"product","link":"https:\/\/basereps.com\/de\/produkt\/the-north-face-replica-korea-nuptse-daunenjacke\/","title":{"rendered":"The North Face Replica Korea Nuptse Daunenjacke"},"content":{"rendered":"<p><span data-preserver-spaces=\"true\">Erleben Sie unvergleichliche W\u00e4rme und Stil mit <\/span><strong><br \/>\n  <span data-preserver-spaces=\"true\">The North Face Replica Korea Nuptse Daunenjacke<\/span><br \/>\n<\/strong><span data-preserver-spaces=\"true\">eine perfekte Verk\u00f6rperung von moderner Mode und funktionellem Design. Diese von der s\u00fcdkoreanischen \u00c4sthetik inspirierte Jacke ist ein herausragendes St\u00fcck unserer Kollektion, das die renommierte Outdoor-Expertise von The North Face mit einer einzigartigen, kulturell gepr\u00e4gten Note verbindet. Sie ist f\u00fcr alle gedacht, die in ihrer Oberbekleidung Abenteuer und modische Eleganz suchen.<\/span><\/p>\n","protected":false},"excerpt":{"rendered":"<p>Erleben Sie unvergleichliche W\u00e4rme und Stil mit The North Face Replica Korea Nuptse Daunenjacke eine perfekte Verk\u00f6rperung von&hellip;<\/p>\n","protected":false},"featured_media":14070,"comment_status":"open","ping_status":"closed","template":"","meta":{"_acf_changed":false},"product_cat":[688,780,793,778,803,804],"product_tag":[686,876],"class_list":{"0":"post-16390","1":"product","2":"type-product","3":"status-publish","4":"has-post-thumbnail","6":"product_cat-damen-replica-kollektion","7":"product_cat-frauen-reps-jacken","8":"product_cat-herren-kollektion","9":"product_cat-kollektion-damenbekleidung","10":"product_cat-replica-bekleidung-fuer-herren","11":"product_cat-replica-herren-jacken-online-kaufen","12":"product_tag-frauen","13":"product_tag-maenner","14":"product_brand-the-north-face-reps","16":"first","17":"instock","18":"sale","19":"taxable","20":"shipping-taxable","21":"purchasable","22":"product-type-variable"},"acf":[],"jetpack_sharing_enabled":true,"_links":{"self":[{"href":"https:\/\/basereps.com\/de\/wp-json\/wp\/v2\/product\/16390","targetHints":{"allow":["GET"]}}],"collection":[{"href":"https:\/\/basereps.com\/de\/wp-json\/wp\/v2\/product"}],"about":[{"href":"https:\/\/basereps.com\/de\/wp-json\/wp\/v2\/types\/product"}],"replies":[{"embeddable":true,"href":"https:\/\/basereps.com\/de\/wp-json\/wp\/v2\/comments?post=16390"}],"version-history":[{"count":1,"href":"https:\/\/basereps.com\/de\/wp-json\/wp\/v2\/product\/16390\/revisions"}],"predecessor-version":[{"id":17067,"href":"https:\/\/basereps.com\/de\/wp-json\/wp\/v2\/product\/16390\/revisions\/17067"}],"wp:featuredmedia":[{"embeddable":true,"href":"https:\/\/basereps.com\/de\/wp-json\/wp\/v2\/media\/14070"}],"wp:attachment":[{"href":"https:\/\/basereps.com\/de\/wp-json\/wp\/v2\/media?parent=16390"}],"wp:term":[{"taxonomy":"product_cat","embeddable":true,"href":"https:\/\/basereps.com\/de\/wp-json\/wp\/v2\/product_cat?post=16390"},{"taxonomy":"product_tag","embeddable":true,"href":"https:\/\/basereps.com\/de\/wp-json\/wp\/v2\/product_tag?post=16390"}],"curies":[{"name":"wp","href":"https:\/\/api.w.org\/{rel}","templated":true}]}}