{"id":16388,"date":"2023-11-26T04:10:47","date_gmt":"2023-11-26T04:10:47","guid":{"rendered":"https:\/\/basereps.com\/the-north-face-replica-x-unbesiegbar-gedruckte-jacke\/"},"modified":"2024-04-13T22:42:30","modified_gmt":"2024-04-13T22:42:30","slug":"the-north-face-replica-x-unbesiegbar-gedruckte-jacke","status":"publish","type":"product","link":"https:\/\/basereps.com\/de\/produkt\/the-north-face-replica-x-unbesiegbar-gedruckte-jacke\/","title":{"rendered":"The North Face Replica x Unbesiegbar gedruckte Jacke"},"content":{"rendered":"<p>Erh\u00f6he deinen Outdoor-Stil mit der <strong>The North Face Replica x Invincible Printed Jacket<\/strong>. Diese Zusammenarbeit zwischen The North Face und Invincible verbindet Mode und Funktionalit\u00e4t. Sie ist sorgf\u00e4ltig gestaltet und zeichnet sich durch einen einzigartigen und auff\u00e4lligen Druck aus, der sie von anderen unterscheidet. Egal, ob Sie auf dem Trail oder in der Stadt unterwegs sind, diese Jacke ist Ihre erste Wahl f\u00fcr herausragenden Stil.<\/p>\n","protected":false},"excerpt":{"rendered":"<p>Erh\u00f6he deinen Outdoor-Stil mit der The North Face Replica x Invincible Printed Jacket. Diese Zusammenarbeit zwischen The North&hellip;<\/p>\n","protected":false},"featured_media":14024,"comment_status":"open","ping_status":"closed","template":"","meta":{"_acf_changed":false},"product_cat":[688,780,793,778,803,804],"product_tag":[686,876],"class_list":{"0":"post-16388","1":"product","2":"type-product","3":"status-publish","4":"has-post-thumbnail","6":"product_cat-damen-replica-kollektion","7":"product_cat-frauen-reps-jacken","8":"product_cat-herren-kollektion","9":"product_cat-kollektion-damenbekleidung","10":"product_cat-replica-bekleidung-fuer-herren","11":"product_cat-replica-herren-jacken-online-kaufen","12":"product_tag-frauen","13":"product_tag-maenner","14":"product_brand-the-north-face-reps","16":"first","17":"instock","18":"sale","19":"taxable","20":"shipping-taxable","21":"purchasable","22":"product-type-variable"},"acf":[],"jetpack_sharing_enabled":true,"_links":{"self":[{"href":"https:\/\/basereps.com\/de\/wp-json\/wp\/v2\/product\/16388","targetHints":{"allow":["GET"]}}],"collection":[{"href":"https:\/\/basereps.com\/de\/wp-json\/wp\/v2\/product"}],"about":[{"href":"https:\/\/basereps.com\/de\/wp-json\/wp\/v2\/types\/product"}],"replies":[{"embeddable":true,"href":"https:\/\/basereps.com\/de\/wp-json\/wp\/v2\/comments?post=16388"}],"version-history":[{"count":1,"href":"https:\/\/basereps.com\/de\/wp-json\/wp\/v2\/product\/16388\/revisions"}],"predecessor-version":[{"id":17071,"href":"https:\/\/basereps.com\/de\/wp-json\/wp\/v2\/product\/16388\/revisions\/17071"}],"wp:featuredmedia":[{"embeddable":true,"href":"https:\/\/basereps.com\/de\/wp-json\/wp\/v2\/media\/14024"}],"wp:attachment":[{"href":"https:\/\/basereps.com\/de\/wp-json\/wp\/v2\/media?parent=16388"}],"wp:term":[{"taxonomy":"product_cat","embeddable":true,"href":"https:\/\/basereps.com\/de\/wp-json\/wp\/v2\/product_cat?post=16388"},{"taxonomy":"product_tag","embeddable":true,"href":"https:\/\/basereps.com\/de\/wp-json\/wp\/v2\/product_tag?post=16388"}],"curies":[{"name":"wp","href":"https:\/\/api.w.org\/{rel}","templated":true}]}}