{"id":16365,"date":"2023-11-25T16:25:19","date_gmt":"2023-11-25T16:25:19","guid":{"rendered":"https:\/\/basereps.com\/schwarzer-givenchy-kapuzenpullover-in-uebergroesse\/"},"modified":"2024-04-13T22:42:32","modified_gmt":"2024-04-13T22:42:32","slug":"schwarzer-givenchy-kapuzenpullover-in-uebergroesse","status":"publish","type":"product","link":"https:\/\/basereps.com\/de\/produkt\/schwarzer-givenchy-kapuzenpullover-in-uebergroesse\/","title":{"rendered":"Schwarzer Givenchy-Kapuzenpullover in \u00dcbergr\u00f6\u00dfe"},"content":{"rendered":"<p><span data-preserver-spaces=\"true\">Die <\/span><strong><br \/>\n  <span data-preserver-spaces=\"true\">Schwarzer Givenchy-Kapuzenpullover in \u00dcbergr\u00f6\u00dfe<\/span><br \/>\n<\/strong><span data-preserver-spaces=\"true\">  bietet eine nahtlose Mischung aus Luxus und legerem Komfort. Dieses St\u00fcck ist ein Muss f\u00fcr Modebegeisterte, die die Eleganz von Givenchy in einer entspannten, \u00fcbergro\u00dfen Form suchen. Die schwarze Farbe des Hoodies sorgt f\u00fcr einen vielseitigen und zeitlosen Look und macht ihn zu einer idealen Wahl f\u00fcr verschiedene Stylingoptionen.<\/span><\/p>\n","protected":false},"excerpt":{"rendered":"<p>Die Schwarzer Givenchy-Kapuzenpullover in \u00dcbergr\u00f6\u00dfe bietet eine nahtlose Mischung aus Luxus und legerem Komfort. Dieses St\u00fcck ist ein&hellip;<\/p>\n","protected":false},"featured_media":14248,"comment_status":"open","ping_status":"closed","template":"","meta":{"_acf_changed":false},"product_cat":[688,793,779,778,803,806],"product_tag":[686,876],"class_list":{"0":"post-16365","1":"product","2":"type-product","3":"status-publish","4":"has-post-thumbnail","6":"product_cat-damen-replica-kollektion","7":"product_cat-herren-kollektion","8":"product_cat-hoodies-kapuzenpullover-fuer-damen","9":"product_cat-kollektion-damenbekleidung","10":"product_cat-replica-bekleidung-fuer-herren","11":"product_cat-replica-kapuzenpullover-fur-herren","12":"product_tag-frauen","13":"product_tag-maenner","14":"product_brand-givenchy-reps","16":"first","17":"instock","18":"sale","19":"taxable","20":"shipping-taxable","21":"purchasable","22":"product-type-variable"},"acf":[],"jetpack_sharing_enabled":true,"_links":{"self":[{"href":"https:\/\/basereps.com\/de\/wp-json\/wp\/v2\/product\/16365","targetHints":{"allow":["GET"]}}],"collection":[{"href":"https:\/\/basereps.com\/de\/wp-json\/wp\/v2\/product"}],"about":[{"href":"https:\/\/basereps.com\/de\/wp-json\/wp\/v2\/types\/product"}],"replies":[{"embeddable":true,"href":"https:\/\/basereps.com\/de\/wp-json\/wp\/v2\/comments?post=16365"}],"version-history":[{"count":1,"href":"https:\/\/basereps.com\/de\/wp-json\/wp\/v2\/product\/16365\/revisions"}],"predecessor-version":[{"id":17075,"href":"https:\/\/basereps.com\/de\/wp-json\/wp\/v2\/product\/16365\/revisions\/17075"}],"wp:featuredmedia":[{"embeddable":true,"href":"https:\/\/basereps.com\/de\/wp-json\/wp\/v2\/media\/14248"}],"wp:attachment":[{"href":"https:\/\/basereps.com\/de\/wp-json\/wp\/v2\/media?parent=16365"}],"wp:term":[{"taxonomy":"product_cat","embeddable":true,"href":"https:\/\/basereps.com\/de\/wp-json\/wp\/v2\/product_cat?post=16365"},{"taxonomy":"product_tag","embeddable":true,"href":"https:\/\/basereps.com\/de\/wp-json\/wp\/v2\/product_tag?post=16365"}],"curies":[{"name":"wp","href":"https:\/\/api.w.org\/{rel}","templated":true}]}}