{"id":16364,"date":"2023-11-23T16:54:12","date_gmt":"2023-11-23T16:54:12","guid":{"rendered":"https:\/\/basereps.com\/schwarz-fendi-gelbe-augen-sweatshirt-replik\/"},"modified":"2024-04-13T22:42:47","modified_gmt":"2024-04-13T22:42:47","slug":"schwarz-fendi-gelbe-augen-sweatshirt-replik","status":"publish","type":"product","link":"https:\/\/basereps.com\/de\/produkt\/schwarz-fendi-gelbe-augen-sweatshirt-replik\/","title":{"rendered":"Schwarz Fendi Gelbe Augen Sweatshirt Replik"},"content":{"rendered":"<p><span data-preserver-spaces=\"true\">Die <\/span><strong><br \/>\n  <span data-preserver-spaces=\"true\">Schwarz Fendi Gelbe Augen Sweatshirt Replik<\/span><br \/>\n<\/strong><span data-preserver-spaces=\"true\">  verbindet modische Anziehungskraft mit l\u00e4ssigem Komfort. Diese bezaubernde Replik verk\u00f6rpert die einzigartige \u00c4sthetik von Fendi, die durch das unverwechselbare Design der gelben Augen vor einem klassischen schwarzen Hintergrund hervorgehoben wird. Sie ist eine unverzichtbare Erg\u00e4nzung der Garderobe f\u00fcr alle, die eine Mischung aus Luxus und k\u00fchnem, modernem Stil sch\u00e4tzen.<\/span><\/p>\n","protected":false},"excerpt":{"rendered":"<p>Die Schwarz Fendi Gelbe Augen Sweatshirt Replik verbindet modische Anziehungskraft mit l\u00e4ssigem Komfort. Diese bezaubernde Replik verk\u00f6rpert die&hellip;<\/p>\n","protected":false},"featured_media":13680,"comment_status":"open","ping_status":"closed","template":"","meta":{"_acf_changed":false},"product_cat":[688,783,793,778,803,808],"product_tag":[686,876],"class_list":{"0":"post-16364","1":"product","2":"type-product","3":"status-publish","4":"has-post-thumbnail","6":"product_cat-damen-replica-kollektion","7":"product_cat-frauen-reps-sweatshirts","8":"product_cat-herren-kollektion","9":"product_cat-kollektion-damenbekleidung","10":"product_cat-replica-bekleidung-fuer-herren","11":"product_cat-replica-sweatshirts-fur-herren","12":"product_tag-frauen","13":"product_tag-maenner","14":"product_brand-fendi-reps","16":"first","17":"instock","18":"sale","19":"taxable","20":"shipping-taxable","21":"purchasable","22":"product-type-variable"},"acf":[],"jetpack_sharing_enabled":true,"_links":{"self":[{"href":"https:\/\/basereps.com\/de\/wp-json\/wp\/v2\/product\/16364","targetHints":{"allow":["GET"]}}],"collection":[{"href":"https:\/\/basereps.com\/de\/wp-json\/wp\/v2\/product"}],"about":[{"href":"https:\/\/basereps.com\/de\/wp-json\/wp\/v2\/types\/product"}],"replies":[{"embeddable":true,"href":"https:\/\/basereps.com\/de\/wp-json\/wp\/v2\/comments?post=16364"}],"version-history":[{"count":1,"href":"https:\/\/basereps.com\/de\/wp-json\/wp\/v2\/product\/16364\/revisions"}],"predecessor-version":[{"id":17105,"href":"https:\/\/basereps.com\/de\/wp-json\/wp\/v2\/product\/16364\/revisions\/17105"}],"wp:featuredmedia":[{"embeddable":true,"href":"https:\/\/basereps.com\/de\/wp-json\/wp\/v2\/media\/13680"}],"wp:attachment":[{"href":"https:\/\/basereps.com\/de\/wp-json\/wp\/v2\/media?parent=16364"}],"wp:term":[{"taxonomy":"product_cat","embeddable":true,"href":"https:\/\/basereps.com\/de\/wp-json\/wp\/v2\/product_cat?post=16364"},{"taxonomy":"product_tag","embeddable":true,"href":"https:\/\/basereps.com\/de\/wp-json\/wp\/v2\/product_tag?post=16364"}],"curies":[{"name":"wp","href":"https:\/\/api.w.org\/{rel}","templated":true}]}}