{"id":16348,"date":"2023-11-23T15:27:34","date_gmt":"2023-11-23T15:27:34","guid":{"rendered":"https:\/\/basereps.com\/schwarzes-gc-replica-sweatshirt-mit-rotem-logo\/"},"modified":"2024-04-13T22:42:49","modified_gmt":"2024-04-13T22:42:49","slug":"schwarzes-gc-replica-sweatshirt-mit-rotem-logo","status":"publish","type":"product","link":"https:\/\/basereps.com\/de\/produkt\/schwarzes-gc-replica-sweatshirt-mit-rotem-logo\/","title":{"rendered":"Schwarzes GC Replica-Sweatshirt mit rotem Logo"},"content":{"rendered":"<p><span data-preserver-spaces=\"true\">Die <\/span><strong><br \/>\n  <span data-preserver-spaces=\"true\">Schwarzes GC Replica Sweatshirt mit rotem Logo<\/span><br \/>\n<\/strong><span data-preserver-spaces=\"true\">  bietet eine elegante und moderne Variante der Freizeitkleidung. Dieses stilvolle Sweatshirt mit dem auff\u00e4lligen roten Logo auf schwarzem Hintergrund ist perfekt f\u00fcr alle, die Wert auf Mode und Komfort legen. Das auff\u00e4llige Design dieses Sweatshirts macht es zu einem auff\u00e4lligen Artikel, der jedes Freizeitoutfit mit einem Hauch von hochwertigem Flair versieht.<\/span><\/p>\n","protected":false},"excerpt":{"rendered":"<p>Die Schwarzes GC Replica Sweatshirt mit rotem Logo bietet eine elegante und moderne Variante der Freizeitkleidung. Dieses stilvolle&hellip;<\/p>\n","protected":false},"featured_media":13629,"comment_status":"open","ping_status":"closed","template":"","meta":{"_acf_changed":false},"product_cat":[688,783,793,778,803,808],"product_tag":[686,876],"class_list":{"0":"post-16348","1":"product","2":"type-product","3":"status-publish","4":"has-post-thumbnail","6":"product_cat-damen-replica-kollektion","7":"product_cat-frauen-reps-sweatshirts","8":"product_cat-herren-kollektion","9":"product_cat-kollektion-damenbekleidung","10":"product_cat-replica-bekleidung-fuer-herren","11":"product_cat-replica-sweatshirts-fur-herren","12":"product_tag-frauen","13":"product_tag-maenner","14":"product_brand-gucci-reps","16":"first","17":"instock","18":"sale","19":"taxable","20":"shipping-taxable","21":"purchasable","22":"product-type-variable"},"acf":[],"jetpack_sharing_enabled":true,"_links":{"self":[{"href":"https:\/\/basereps.com\/de\/wp-json\/wp\/v2\/product\/16348","targetHints":{"allow":["GET"]}}],"collection":[{"href":"https:\/\/basereps.com\/de\/wp-json\/wp\/v2\/product"}],"about":[{"href":"https:\/\/basereps.com\/de\/wp-json\/wp\/v2\/types\/product"}],"replies":[{"embeddable":true,"href":"https:\/\/basereps.com\/de\/wp-json\/wp\/v2\/comments?post=16348"}],"version-history":[{"count":1,"href":"https:\/\/basereps.com\/de\/wp-json\/wp\/v2\/product\/16348\/revisions"}],"predecessor-version":[{"id":17109,"href":"https:\/\/basereps.com\/de\/wp-json\/wp\/v2\/product\/16348\/revisions\/17109"}],"wp:featuredmedia":[{"embeddable":true,"href":"https:\/\/basereps.com\/de\/wp-json\/wp\/v2\/media\/13629"}],"wp:attachment":[{"href":"https:\/\/basereps.com\/de\/wp-json\/wp\/v2\/media?parent=16348"}],"wp:term":[{"taxonomy":"product_cat","embeddable":true,"href":"https:\/\/basereps.com\/de\/wp-json\/wp\/v2\/product_cat?post=16348"},{"taxonomy":"product_tag","embeddable":true,"href":"https:\/\/basereps.com\/de\/wp-json\/wp\/v2\/product_tag?post=16348"}],"curies":[{"name":"wp","href":"https:\/\/api.w.org\/{rel}","templated":true}]}}