{"id":16346,"date":"2023-11-25T02:39:06","date_gmt":"2023-11-25T02:39:06","guid":{"rendered":"https:\/\/basereps.com\/klassisches-bedrucktes-palm-angels-reps-t-shirt\/"},"modified":"2024-04-13T22:42:42","modified_gmt":"2024-04-13T22:42:42","slug":"klassisches-bedrucktes-palm-angels-reps-t-shirt","status":"publish","type":"product","link":"https:\/\/basereps.com\/de\/produkt\/klassisches-bedrucktes-palm-angels-reps-t-shirt\/","title":{"rendered":"Klassisches bedrucktes Palm Angels Reps-T-Shirt"},"content":{"rendered":"<p><span data-preserver-spaces=\"true\">Die <\/span><strong><br \/>\n  <span data-preserver-spaces=\"true\">Klassisches bedrucktes Palm Angels Reps-T-Shirt<\/span><br \/>\n<\/strong><span data-preserver-spaces=\"true\">  ist eine Verschmelzung von zeitgen\u00f6ssischer Kunst und Stra\u00dfenmode. Dieses T-Shirt, das die k\u00fchnen und k\u00fcnstlerischen Designs der Marke Palm Angels widerspiegelt, ist f\u00fcr Modefans gedacht, die hochwertige Streetwear bewundern. Die  <\/span><strong><span data-preserver-spaces=\"true\">Klassisches bedrucktes Palm Angels Reps-T-Shirt<\/span><\/strong><span data-preserver-spaces=\"true\">  sticht mit seinem auff\u00e4lligen Print hervor und verk\u00f6rpert das Gesp\u00fcr der Marke f\u00fcr die Verbindung von urbanem Stil und k\u00fcnstlerischem Ausdruck. Dieses Kleidungsst\u00fcck ist nicht nur ein Kleidungsst\u00fcck, sondern eine Leinwand, die Individualit\u00e4t und ein gutes Gesp\u00fcr f\u00fcr trendige Mode unter Beweis stellt.<\/span><\/p>\n","protected":false},"excerpt":{"rendered":"<p>Die Klassisches bedrucktes Palm Angels Reps-T-Shirt ist eine Verschmelzung von zeitgen\u00f6ssischer Kunst und Stra\u00dfenmode. Dieses T-Shirt, das die&hellip;<\/p>\n","protected":false},"featured_media":14326,"comment_status":"open","ping_status":"closed","template":"","meta":{"_acf_changed":false},"product_cat":[688,784,793,778,803,809],"product_tag":[686,876],"class_list":{"0":"post-16346","1":"product","2":"type-product","3":"status-publish","4":"has-post-thumbnail","6":"product_cat-damen-replica-kollektion","7":"product_cat-frauen-reps-t-shirts","8":"product_cat-herren-kollektion","9":"product_cat-kollektion-damenbekleidung","10":"product_cat-replica-bekleidung-fuer-herren","11":"product_cat-replica-t-shirts-polos-fur-herren","12":"product_tag-frauen","13":"product_tag-maenner","14":"product_brand-palm-angels-reps","16":"first","17":"instock","18":"sale","19":"taxable","20":"shipping-taxable","21":"purchasable","22":"product-type-variable"},"acf":[],"jetpack_sharing_enabled":true,"_links":{"self":[{"href":"https:\/\/basereps.com\/de\/wp-json\/wp\/v2\/product\/16346","targetHints":{"allow":["GET"]}}],"collection":[{"href":"https:\/\/basereps.com\/de\/wp-json\/wp\/v2\/product"}],"about":[{"href":"https:\/\/basereps.com\/de\/wp-json\/wp\/v2\/types\/product"}],"replies":[{"embeddable":true,"href":"https:\/\/basereps.com\/de\/wp-json\/wp\/v2\/comments?post=16346"}],"version-history":[{"count":1,"href":"https:\/\/basereps.com\/de\/wp-json\/wp\/v2\/product\/16346\/revisions"}],"predecessor-version":[{"id":17095,"href":"https:\/\/basereps.com\/de\/wp-json\/wp\/v2\/product\/16346\/revisions\/17095"}],"wp:featuredmedia":[{"embeddable":true,"href":"https:\/\/basereps.com\/de\/wp-json\/wp\/v2\/media\/14326"}],"wp:attachment":[{"href":"https:\/\/basereps.com\/de\/wp-json\/wp\/v2\/media?parent=16346"}],"wp:term":[{"taxonomy":"product_cat","embeddable":true,"href":"https:\/\/basereps.com\/de\/wp-json\/wp\/v2\/product_cat?post=16346"},{"taxonomy":"product_tag","embeddable":true,"href":"https:\/\/basereps.com\/de\/wp-json\/wp\/v2\/product_tag?post=16346"}],"curies":[{"name":"wp","href":"https:\/\/api.w.org\/{rel}","templated":true}]}}