{"id":16327,"date":"2023-11-24T12:00:10","date_gmt":"2023-11-24T12:00:10","guid":{"rendered":"https:\/\/basereps.com\/schwarzes-moncler-replika-t-shirt\/"},"modified":"2024-04-13T22:42:43","modified_gmt":"2024-04-13T22:42:43","slug":"schwarzes-moncler-replika-t-shirt","status":"publish","type":"product","link":"https:\/\/basereps.com\/de\/produkt\/schwarzes-moncler-replika-t-shirt\/","title":{"rendered":"Schwarzes Moncler Replika T-Shirt"},"content":{"rendered":"<p><span data-preserver-spaces=\"true\">Die <\/span><strong><br \/>\n  <span data-preserver-spaces=\"true\">Schwarzes Moncler Replika T-Shirt<\/span><br \/>\n<\/strong><span data-preserver-spaces=\"true\">  ist eine perfekte Mischung aus Luxus und l\u00e4ssigem Stil und verk\u00f6rpert die Essenz der Marke Moncler in einer zug\u00e4nglicheren Form. Dieses T-Shirt in schlichtem Schwarz ist ein vielseitiges Kleidungsst\u00fcck, das zu jeder Garderobe passt. Die  <\/span><strong><span data-preserver-spaces=\"true\">Schwarzes Moncler Replika T-Shirt<\/span><\/strong><span data-preserver-spaces=\"true\">  geht es nicht nur um Stil, sondern auch darum, mit Einfachheit und Eleganz ein Zeichen zu setzen. Er wurde f\u00fcr diejenigen entworfen, die die sch\u00f6nen Dinge des Lebens zu sch\u00e4tzen wissen, aber auch den Komfort und die Leichtigkeit des t\u00e4glichen Tragens sch\u00e4tzen. Das T-Shirt f\u00e4ngt den Geist der High-End-Mode von Moncler in einem St\u00fcck ein, das f\u00fcr verschiedene Anl\u00e4sse geeignet ist, von l\u00e4ssigen Ausfl\u00fcgen bis hin zu anspruchsvolleren Zusammenk\u00fcnften.<\/span><\/p>\n","protected":false},"excerpt":{"rendered":"<p>Die Schwarzes Moncler Replika T-Shirt ist eine perfekte Mischung aus Luxus und l\u00e4ssigem Stil und verk\u00f6rpert die Essenz&hellip;<\/p>\n","protected":false},"featured_media":13770,"comment_status":"open","ping_status":"closed","template":"","meta":{"_acf_changed":false},"product_cat":[688,784,793,778,803,809],"product_tag":[686,876],"class_list":{"0":"post-16327","1":"product","2":"type-product","3":"status-publish","4":"has-post-thumbnail","6":"product_cat-damen-replica-kollektion","7":"product_cat-frauen-reps-t-shirts","8":"product_cat-herren-kollektion","9":"product_cat-kollektion-damenbekleidung","10":"product_cat-replica-bekleidung-fuer-herren","11":"product_cat-replica-t-shirts-polos-fur-herren","12":"product_tag-frauen","13":"product_tag-maenner","14":"product_brand-replica-moncler","16":"first","17":"instock","18":"sale","19":"taxable","20":"shipping-taxable","21":"purchasable","22":"product-type-variable"},"acf":[],"jetpack_sharing_enabled":true,"_links":{"self":[{"href":"https:\/\/basereps.com\/de\/wp-json\/wp\/v2\/product\/16327","targetHints":{"allow":["GET"]}}],"collection":[{"href":"https:\/\/basereps.com\/de\/wp-json\/wp\/v2\/product"}],"about":[{"href":"https:\/\/basereps.com\/de\/wp-json\/wp\/v2\/types\/product"}],"replies":[{"embeddable":true,"href":"https:\/\/basereps.com\/de\/wp-json\/wp\/v2\/comments?post=16327"}],"version-history":[{"count":1,"href":"https:\/\/basereps.com\/de\/wp-json\/wp\/v2\/product\/16327\/revisions"}],"predecessor-version":[{"id":17096,"href":"https:\/\/basereps.com\/de\/wp-json\/wp\/v2\/product\/16327\/revisions\/17096"}],"wp:featuredmedia":[{"embeddable":true,"href":"https:\/\/basereps.com\/de\/wp-json\/wp\/v2\/media\/13770"}],"wp:attachment":[{"href":"https:\/\/basereps.com\/de\/wp-json\/wp\/v2\/media?parent=16327"}],"wp:term":[{"taxonomy":"product_cat","embeddable":true,"href":"https:\/\/basereps.com\/de\/wp-json\/wp\/v2\/product_cat?post=16327"},{"taxonomy":"product_tag","embeddable":true,"href":"https:\/\/basereps.com\/de\/wp-json\/wp\/v2\/product_tag?post=16327"}],"curies":[{"name":"wp","href":"https:\/\/api.w.org\/{rel}","templated":true}]}}