{"id":16316,"date":"2023-11-26T03:20:07","date_gmt":"2023-11-26T03:20:07","guid":{"rendered":"https:\/\/basereps.com\/kaws-x-the-north-face-replica-jugend-retro-1996-jacke\/"},"modified":"2024-04-13T22:42:31","modified_gmt":"2024-04-13T22:42:31","slug":"kaws-x-the-north-face-replica-jugend-retro-1996-jacke","status":"publish","type":"product","link":"https:\/\/basereps.com\/de\/produkt\/kaws-x-the-north-face-replica-jugend-retro-1996-jacke\/","title":{"rendered":"Kaws x The North Face Replica Jugend Retro 1996 Jacke"},"content":{"rendered":"<p>Erh\u00f6he den Stil deines jungen Abenteurers mit der <strong>Kaws x The North Face Replica Youth Retro 1996 Jacket<\/strong>. Diese kultige Jacke, die aus der Zusammenarbeit zwischen Kaws und The North Face hervorgegangen ist, l\u00e4sst die 90er Jahre mit einem modernen Twist wieder aufleben. Er wurde sorgf\u00e4ltig entworfen und zeichnet sich durch ein jugendfreundliches Design aus, das Mode und Funktionalit\u00e4t vereint und somit die perfekte Wahl f\u00fcr Outdoor-Ausfl\u00fcge und urbane Erkundungen ist.<\/p>\n","protected":false},"excerpt":{"rendered":"<p>Erh\u00f6he den Stil deines jungen Abenteurers mit der Kaws x The North Face Replica Youth Retro 1996 Jacket.&hellip;<\/p>\n","protected":false},"featured_media":13994,"comment_status":"open","ping_status":"closed","template":"","meta":{"_acf_changed":false},"product_cat":[688,780,793,778,803,804],"product_tag":[686,876],"class_list":{"0":"post-16316","1":"product","2":"type-product","3":"status-publish","4":"has-post-thumbnail","6":"product_cat-damen-replica-kollektion","7":"product_cat-frauen-reps-jacken","8":"product_cat-herren-kollektion","9":"product_cat-kollektion-damenbekleidung","10":"product_cat-replica-bekleidung-fuer-herren","11":"product_cat-replica-herren-jacken-online-kaufen","12":"product_tag-frauen","13":"product_tag-maenner","14":"product_brand-the-north-face-reps","16":"first","17":"instock","18":"sale","19":"taxable","20":"shipping-taxable","21":"purchasable","22":"product-type-variable"},"acf":[],"jetpack_sharing_enabled":true,"_links":{"self":[{"href":"https:\/\/basereps.com\/de\/wp-json\/wp\/v2\/product\/16316","targetHints":{"allow":["GET"]}}],"collection":[{"href":"https:\/\/basereps.com\/de\/wp-json\/wp\/v2\/product"}],"about":[{"href":"https:\/\/basereps.com\/de\/wp-json\/wp\/v2\/types\/product"}],"replies":[{"embeddable":true,"href":"https:\/\/basereps.com\/de\/wp-json\/wp\/v2\/comments?post=16316"}],"version-history":[{"count":2,"href":"https:\/\/basereps.com\/de\/wp-json\/wp\/v2\/product\/16316\/revisions"}],"predecessor-version":[{"id":17074,"href":"https:\/\/basereps.com\/de\/wp-json\/wp\/v2\/product\/16316\/revisions\/17074"}],"wp:featuredmedia":[{"embeddable":true,"href":"https:\/\/basereps.com\/de\/wp-json\/wp\/v2\/media\/13994"}],"wp:attachment":[{"href":"https:\/\/basereps.com\/de\/wp-json\/wp\/v2\/media?parent=16316"}],"wp:term":[{"taxonomy":"product_cat","embeddable":true,"href":"https:\/\/basereps.com\/de\/wp-json\/wp\/v2\/product_cat?post=16316"},{"taxonomy":"product_tag","embeddable":true,"href":"https:\/\/basereps.com\/de\/wp-json\/wp\/v2\/product_tag?post=16316"}],"curies":[{"name":"wp","href":"https:\/\/api.w.org\/{rel}","templated":true}]}}