{"id":16304,"date":"2023-11-24T08:56:44","date_gmt":"2023-11-24T08:56:44","guid":{"rendered":"https:\/\/basereps.com\/schwarzes-prada-sweatshirt-replik\/"},"modified":"2024-04-13T22:42:46","modified_gmt":"2024-04-13T22:42:46","slug":"schwarzes-prada-sweatshirt-replik","status":"publish","type":"product","link":"https:\/\/basereps.com\/de\/produkt\/schwarzes-prada-sweatshirt-replik\/","title":{"rendered":"Schwarzes Prada Sweatshirt Replik"},"content":{"rendered":"<p><span data-preserver-spaces=\"true\">Umarmen Sie die Essenz der Luxusmode mit dem <\/span><strong><br \/>\n  <span data-preserver-spaces=\"true\">Schwarz Prada Sweatshirt Replik<\/span><br \/>\n<\/strong><span data-preserver-spaces=\"true\">. Diese fachm\u00e4nnisch gefertigte Replik verk\u00f6rpert den anspruchsvollen Stil der renommierten Marke Prada. Seine klassische schwarze Farbgebung garantiert Vielseitigkeit und zeitlose Attraktivit\u00e4t und macht ihn zu einem gesch\u00e4tzten St\u00fcck f\u00fcr jeden stilbewussten Menschen.<\/span><\/p>\n","protected":false},"excerpt":{"rendered":"<p>Umarmen Sie die Essenz der Luxusmode mit dem Schwarz Prada Sweatshirt Replik . Diese fachm\u00e4nnisch gefertigte Replik verk\u00f6rpert&hellip;<\/p>\n","protected":false},"featured_media":13711,"comment_status":"open","ping_status":"closed","template":"","meta":{"_acf_changed":false},"product_cat":[688,783,793,778,803,808],"product_tag":[686,876],"class_list":{"0":"post-16304","1":"product","2":"type-product","3":"status-publish","4":"has-post-thumbnail","6":"product_cat-damen-replica-kollektion","7":"product_cat-frauen-reps-sweatshirts","8":"product_cat-herren-kollektion","9":"product_cat-kollektion-damenbekleidung","10":"product_cat-replica-bekleidung-fuer-herren","11":"product_cat-replica-sweatshirts-fur-herren","12":"product_tag-frauen","13":"product_tag-maenner","14":"product_brand-prada-reps","16":"first","17":"instock","18":"sale","19":"taxable","20":"shipping-taxable","21":"purchasable","22":"product-type-variable"},"acf":[],"jetpack_sharing_enabled":true,"_links":{"self":[{"href":"https:\/\/basereps.com\/de\/wp-json\/wp\/v2\/product\/16304","targetHints":{"allow":["GET"]}}],"collection":[{"href":"https:\/\/basereps.com\/de\/wp-json\/wp\/v2\/product"}],"about":[{"href":"https:\/\/basereps.com\/de\/wp-json\/wp\/v2\/types\/product"}],"replies":[{"embeddable":true,"href":"https:\/\/basereps.com\/de\/wp-json\/wp\/v2\/comments?post=16304"}],"version-history":[{"count":1,"href":"https:\/\/basereps.com\/de\/wp-json\/wp\/v2\/product\/16304\/revisions"}],"predecessor-version":[{"id":17102,"href":"https:\/\/basereps.com\/de\/wp-json\/wp\/v2\/product\/16304\/revisions\/17102"}],"wp:featuredmedia":[{"embeddable":true,"href":"https:\/\/basereps.com\/de\/wp-json\/wp\/v2\/media\/13711"}],"wp:attachment":[{"href":"https:\/\/basereps.com\/de\/wp-json\/wp\/v2\/media?parent=16304"}],"wp:term":[{"taxonomy":"product_cat","embeddable":true,"href":"https:\/\/basereps.com\/de\/wp-json\/wp\/v2\/product_cat?post=16304"},{"taxonomy":"product_tag","embeddable":true,"href":"https:\/\/basereps.com\/de\/wp-json\/wp\/v2\/product_tag?post=16304"}],"curies":[{"name":"wp","href":"https:\/\/api.w.org\/{rel}","templated":true}]}}