{"id":16303,"date":"2023-11-23T03:08:17","date_gmt":"2023-11-23T03:08:17","guid":{"rendered":"https:\/\/basereps.com\/beigefarbenes-gc-replica-sweatshirt-mit-baerenlogo\/"},"modified":"2024-04-13T22:42:50","modified_gmt":"2024-04-13T22:42:50","slug":"beigefarbenes-gc-replica-sweatshirt-mit-baerenlogo","status":"publish","type":"product","link":"https:\/\/basereps.com\/de\/produkt\/beigefarbenes-gc-replica-sweatshirt-mit-baerenlogo\/","title":{"rendered":"Beigefarbenes GC Replica-Sweatshirt mit B\u00e4renlogo"},"content":{"rendered":"<p><span data-preserver-spaces=\"true\">Die <\/span><strong><br \/>\n  <span data-preserver-spaces=\"true\">Beige GC Replica Sweatshirt mit B\u00e4renlogo<\/span><br \/>\n<\/strong><span data-preserver-spaces=\"true\">  ist eine perfekte Mischung aus verspieltem Charme und schlichter Eleganz. Dieses Sweatshirt ist ideal f\u00fcr alle, die einen Hauch von Skurrilit\u00e4t in ihrer Mode lieben. Es zeigt ein entz\u00fcckendes B\u00e4renlogo auf einem weichen beigen Hintergrund und ist eine einzigartige Erg\u00e4nzung f\u00fcr jede Freizeitgarderobe. Der neutrale Farbton ist vielseitig einsetzbar, w\u00e4hrend das B\u00e4renlogo f\u00fcr ein besonderes Flair sorgt.<\/span><\/p>\n","protected":false},"excerpt":{"rendered":"<p>Die Beige GC Replica Sweatshirt mit B\u00e4renlogo ist eine perfekte Mischung aus verspieltem Charme und schlichter Eleganz. Dieses&hellip;<\/p>\n","protected":false},"featured_media":14266,"comment_status":"open","ping_status":"closed","template":"","meta":{"_acf_changed":false},"product_cat":[688,783,793,778,803,808],"product_tag":[686,876],"class_list":{"0":"post-16303","1":"product","2":"type-product","3":"status-publish","4":"has-post-thumbnail","6":"product_cat-damen-replica-kollektion","7":"product_cat-frauen-reps-sweatshirts","8":"product_cat-herren-kollektion","9":"product_cat-kollektion-damenbekleidung","10":"product_cat-replica-bekleidung-fuer-herren","11":"product_cat-replica-sweatshirts-fur-herren","12":"product_tag-frauen","13":"product_tag-maenner","14":"product_brand-gucci-reps","16":"first","17":"instock","18":"sale","19":"taxable","20":"shipping-taxable","21":"purchasable","22":"product-type-variable"},"acf":[],"jetpack_sharing_enabled":true,"_links":{"self":[{"href":"https:\/\/basereps.com\/de\/wp-json\/wp\/v2\/product\/16303","targetHints":{"allow":["GET"]}}],"collection":[{"href":"https:\/\/basereps.com\/de\/wp-json\/wp\/v2\/product"}],"about":[{"href":"https:\/\/basereps.com\/de\/wp-json\/wp\/v2\/types\/product"}],"replies":[{"embeddable":true,"href":"https:\/\/basereps.com\/de\/wp-json\/wp\/v2\/comments?post=16303"}],"version-history":[{"count":1,"href":"https:\/\/basereps.com\/de\/wp-json\/wp\/v2\/product\/16303\/revisions"}],"predecessor-version":[{"id":17111,"href":"https:\/\/basereps.com\/de\/wp-json\/wp\/v2\/product\/16303\/revisions\/17111"}],"wp:featuredmedia":[{"embeddable":true,"href":"https:\/\/basereps.com\/de\/wp-json\/wp\/v2\/media\/14266"}],"wp:attachment":[{"href":"https:\/\/basereps.com\/de\/wp-json\/wp\/v2\/media?parent=16303"}],"wp:term":[{"taxonomy":"product_cat","embeddable":true,"href":"https:\/\/basereps.com\/de\/wp-json\/wp\/v2\/product_cat?post=16303"},{"taxonomy":"product_tag","embeddable":true,"href":"https:\/\/basereps.com\/de\/wp-json\/wp\/v2\/product_tag?post=16303"}],"curies":[{"name":"wp","href":"https:\/\/api.w.org\/{rel}","templated":true}]}}