{"id":16288,"date":"2023-11-24T09:59:04","date_gmt":"2023-11-24T09:59:04","guid":{"rendered":"https:\/\/basereps.com\/schwarzes-dior-replika-visions-of-cody-t-shirt\/"},"modified":"2024-04-13T22:42:44","modified_gmt":"2024-04-13T22:42:44","slug":"schwarzes-dior-replika-visions-of-cody-t-shirt","status":"publish","type":"product","link":"https:\/\/basereps.com\/de\/produkt\/schwarzes-dior-replika-visions-of-cody-t-shirt\/","title":{"rendered":"Schwarzes Dior Replika Visions of Cody T-Shirt"},"content":{"rendered":"<p><span data-preserver-spaces=\"true\">Die <\/span><strong><br \/>\n  <span data-preserver-spaces=\"true\">Schwarzes Dior Replika Visions of Cody T-Shirt<\/span><br \/>\n<\/strong><span data-preserver-spaces=\"true\">  ist eine einzigartige Verschmelzung von High Fashion und literarischer Hommage und spiegelt Diors innovativen Designansatz wider. Dieses T-Shirt, inspiriert von der wissenschaftlichen Arbeit &#8222;Visions of Cody&#8220;, bietet eine Mischung aus k\u00fcnstlerischem Flair und modischem Denken. Das schwarze Dior Replica Visions of Cody T-Shirt ist mehr als nur ein Kleidungsst\u00fcck; es verk\u00f6rpert eine Verschmelzung von kulturellem Ausdruck und stilistischer Eleganz. Sie richtet sich an alle, die die Schnittstelle zwischen Literatur und Mode zu sch\u00e4tzen wissen und eine hohe Wertsch\u00e4tzung f\u00fcr k\u00fcnstlerischen Ausdruck zeigen. Das Design des T-Shirts ist sowohl eine Anspielung auf literarische Gr\u00f6\u00dfen als auch ein Beweis f\u00fcr die zeitlose Eleganz von Dior.<\/span><\/p>\n","protected":false},"excerpt":{"rendered":"<p>Die Schwarzes Dior Replika Visions of Cody T-Shirt ist eine einzigartige Verschmelzung von High Fashion und literarischer Hommage&hellip;<\/p>\n","protected":false},"featured_media":14329,"comment_status":"open","ping_status":"closed","template":"","meta":{"_acf_changed":false},"product_cat":[688,784,793,778,803,809],"product_tag":[686,876],"class_list":{"0":"post-16288","1":"product","2":"type-product","3":"status-publish","4":"has-post-thumbnail","6":"product_cat-damen-replica-kollektion","7":"product_cat-frauen-reps-t-shirts","8":"product_cat-herren-kollektion","9":"product_cat-kollektion-damenbekleidung","10":"product_cat-replica-bekleidung-fuer-herren","11":"product_cat-replica-t-shirts-polos-fur-herren","12":"product_tag-frauen","13":"product_tag-maenner","14":"product_brand-dior-reps","16":"first","17":"instock","18":"sale","19":"taxable","20":"shipping-taxable","21":"purchasable","22":"product-type-variable"},"acf":[],"jetpack_sharing_enabled":true,"_links":{"self":[{"href":"https:\/\/basereps.com\/de\/wp-json\/wp\/v2\/product\/16288","targetHints":{"allow":["GET"]}}],"collection":[{"href":"https:\/\/basereps.com\/de\/wp-json\/wp\/v2\/product"}],"about":[{"href":"https:\/\/basereps.com\/de\/wp-json\/wp\/v2\/types\/product"}],"replies":[{"embeddable":true,"href":"https:\/\/basereps.com\/de\/wp-json\/wp\/v2\/comments?post=16288"}],"version-history":[{"count":1,"href":"https:\/\/basereps.com\/de\/wp-json\/wp\/v2\/product\/16288\/revisions"}],"predecessor-version":[{"id":17098,"href":"https:\/\/basereps.com\/de\/wp-json\/wp\/v2\/product\/16288\/revisions\/17098"}],"wp:featuredmedia":[{"embeddable":true,"href":"https:\/\/basereps.com\/de\/wp-json\/wp\/v2\/media\/14329"}],"wp:attachment":[{"href":"https:\/\/basereps.com\/de\/wp-json\/wp\/v2\/media?parent=16288"}],"wp:term":[{"taxonomy":"product_cat","embeddable":true,"href":"https:\/\/basereps.com\/de\/wp-json\/wp\/v2\/product_cat?post=16288"},{"taxonomy":"product_tag","embeddable":true,"href":"https:\/\/basereps.com\/de\/wp-json\/wp\/v2\/product_tag?post=16288"}],"curies":[{"name":"wp","href":"https:\/\/api.w.org\/{rel}","templated":true}]}}