{"id":16287,"date":"2023-11-22T16:32:22","date_gmt":"2023-11-22T16:32:22","guid":{"rendered":"https:\/\/basereps.com\/schwarzes-gallery-dept-replica-sweatshirt-mit-anarchy\/"},"modified":"2024-04-13T22:42:51","modified_gmt":"2024-04-13T22:42:51","slug":"schwarzes-gallery-dept-replica-sweatshirt-mit-anarchy","status":"publish","type":"product","link":"https:\/\/basereps.com\/de\/produkt\/schwarzes-gallery-dept-replica-sweatshirt-mit-anarchy\/","title":{"rendered":"Schwarzes Gallery Dept Replica Sweatshirt mit Anarchy"},"content":{"rendered":"<p><span data-preserver-spaces=\"true\">Die <\/span><strong><br \/>\n  <span data-preserver-spaces=\"true\">Schwarzes Gallery Dept Replica Sweatshirt mit Anarchie<\/span><br \/>\n<\/strong><span data-preserver-spaces=\"true\">  symbolisiert eine k\u00fchne Verschmelzung von rebellischem Geist und zeitgen\u00f6ssischem Stil. Dieses Sweatshirt ist perfekt f\u00fcr alle, die eine ausgefallene \u00c4sthetik und Komfort sch\u00e4tzen. Die auff\u00e4llige Anarchy-Grafik auf schlichtem schwarzem Canvas macht sie zu einem unverzichtbaren Teil jeder modischen Garderobe.<\/span><\/p>\n","protected":false},"excerpt":{"rendered":"<p>Die Schwarzes Gallery Dept Replica Sweatshirt mit Anarchie symbolisiert eine k\u00fchne Verschmelzung von rebellischem Geist und zeitgen\u00f6ssischem Stil.&hellip;<\/p>\n","protected":false},"featured_media":13595,"comment_status":"open","ping_status":"closed","template":"","meta":{"_acf_changed":false},"product_cat":[688,783,793,778,803,808],"product_tag":[686,876],"class_list":{"0":"post-16287","1":"product","2":"type-product","3":"status-publish","4":"has-post-thumbnail","6":"product_cat-damen-replica-kollektion","7":"product_cat-frauen-reps-sweatshirts","8":"product_cat-herren-kollektion","9":"product_cat-kollektion-damenbekleidung","10":"product_cat-replica-bekleidung-fuer-herren","11":"product_cat-replica-sweatshirts-fur-herren","12":"product_tag-frauen","13":"product_tag-maenner","14":"product_brand-gallery-dept-reps","16":"first","17":"instock","18":"sale","19":"taxable","20":"shipping-taxable","21":"purchasable","22":"product-type-variable"},"acf":[],"jetpack_sharing_enabled":true,"_links":{"self":[{"href":"https:\/\/basereps.com\/de\/wp-json\/wp\/v2\/product\/16287","targetHints":{"allow":["GET"]}}],"collection":[{"href":"https:\/\/basereps.com\/de\/wp-json\/wp\/v2\/product"}],"about":[{"href":"https:\/\/basereps.com\/de\/wp-json\/wp\/v2\/types\/product"}],"replies":[{"embeddable":true,"href":"https:\/\/basereps.com\/de\/wp-json\/wp\/v2\/comments?post=16287"}],"version-history":[{"count":1,"href":"https:\/\/basereps.com\/de\/wp-json\/wp\/v2\/product\/16287\/revisions"}],"predecessor-version":[{"id":17112,"href":"https:\/\/basereps.com\/de\/wp-json\/wp\/v2\/product\/16287\/revisions\/17112"}],"wp:featuredmedia":[{"embeddable":true,"href":"https:\/\/basereps.com\/de\/wp-json\/wp\/v2\/media\/13595"}],"wp:attachment":[{"href":"https:\/\/basereps.com\/de\/wp-json\/wp\/v2\/media?parent=16287"}],"wp:term":[{"taxonomy":"product_cat","embeddable":true,"href":"https:\/\/basereps.com\/de\/wp-json\/wp\/v2\/product_cat?post=16287"},{"taxonomy":"product_tag","embeddable":true,"href":"https:\/\/basereps.com\/de\/wp-json\/wp\/v2\/product_tag?post=16287"}],"curies":[{"name":"wp","href":"https:\/\/api.w.org\/{rel}","templated":true}]}}