{"id":16286,"date":"2023-11-24T03:56:49","date_gmt":"2023-11-24T03:56:49","guid":{"rendered":"https:\/\/basereps.com\/dunkelblau-givenchy-sweatshirt-replik\/"},"modified":"2024-04-13T22:42:46","modified_gmt":"2024-04-13T22:42:46","slug":"dunkelblau-givenchy-sweatshirt-replik","status":"publish","type":"product","link":"https:\/\/basereps.com\/de\/produkt\/dunkelblau-givenchy-sweatshirt-replik\/","title":{"rendered":"Dunkelblau Givenchy Sweatshirt Replik"},"content":{"rendered":"<p><span data-preserver-spaces=\"true\">Dieses Sweatshirt ist ein Meisterwerk an Stil und Komfort und pr\u00e4sentiert die <\/span><strong><br \/>\n  <span data-preserver-spaces=\"true\">Dunkelblau Givenchy Sweatshirt Replik<\/span><br \/>\n<\/strong><span data-preserver-spaces=\"true\">. Diese exquisite Replik f\u00e4ngt die Essenz der luxuri\u00f6sen Marke Givenchy mit ihrem satten, dunkelblauen Farbton und dem sorgf\u00e4ltigen Design ein. Dieses St\u00fcck ist eine vielseitige und raffinierte Erg\u00e4nzung f\u00fcr jede modebewusste Garderobe, perfekt f\u00fcr alle, die sich f\u00fcr Stil begeistern.<\/span><\/p>\n","protected":false},"excerpt":{"rendered":"<p>Dieses Sweatshirt ist ein Meisterwerk an Stil und Komfort und pr\u00e4sentiert die Dunkelblau Givenchy Sweatshirt Replik . Diese&hellip;<\/p>\n","protected":false},"featured_media":13699,"comment_status":"open","ping_status":"closed","template":"","meta":{"_acf_changed":false},"product_cat":[688,783,793,778,803,808],"product_tag":[686,876],"class_list":{"0":"post-16286","1":"product","2":"type-product","3":"status-publish","4":"has-post-thumbnail","6":"product_cat-damen-replica-kollektion","7":"product_cat-frauen-reps-sweatshirts","8":"product_cat-herren-kollektion","9":"product_cat-kollektion-damenbekleidung","10":"product_cat-replica-bekleidung-fuer-herren","11":"product_cat-replica-sweatshirts-fur-herren","12":"product_tag-frauen","13":"product_tag-maenner","14":"product_brand-givenchy-reps","16":"first","17":"instock","18":"sale","19":"taxable","20":"shipping-taxable","21":"purchasable","22":"product-type-variable"},"acf":[],"jetpack_sharing_enabled":true,"_links":{"self":[{"href":"https:\/\/basereps.com\/de\/wp-json\/wp\/v2\/product\/16286","targetHints":{"allow":["GET"]}}],"collection":[{"href":"https:\/\/basereps.com\/de\/wp-json\/wp\/v2\/product"}],"about":[{"href":"https:\/\/basereps.com\/de\/wp-json\/wp\/v2\/types\/product"}],"replies":[{"embeddable":true,"href":"https:\/\/basereps.com\/de\/wp-json\/wp\/v2\/comments?post=16286"}],"version-history":[{"count":1,"href":"https:\/\/basereps.com\/de\/wp-json\/wp\/v2\/product\/16286\/revisions"}],"predecessor-version":[{"id":17103,"href":"https:\/\/basereps.com\/de\/wp-json\/wp\/v2\/product\/16286\/revisions\/17103"}],"wp:featuredmedia":[{"embeddable":true,"href":"https:\/\/basereps.com\/de\/wp-json\/wp\/v2\/media\/13699"}],"wp:attachment":[{"href":"https:\/\/basereps.com\/de\/wp-json\/wp\/v2\/media?parent=16286"}],"wp:term":[{"taxonomy":"product_cat","embeddable":true,"href":"https:\/\/basereps.com\/de\/wp-json\/wp\/v2\/product_cat?post=16286"},{"taxonomy":"product_tag","embeddable":true,"href":"https:\/\/basereps.com\/de\/wp-json\/wp\/v2\/product_tag?post=16286"}],"curies":[{"name":"wp","href":"https:\/\/api.w.org\/{rel}","templated":true}]}}