{"id":16273,"date":"2023-11-01T03:09:41","date_gmt":"2023-11-01T03:09:41","guid":{"rendered":"https:\/\/basereps.com\/adidas-originals-jeans-reps\/"},"modified":"2024-04-13T22:43:22","modified_gmt":"2024-04-13T22:43:22","slug":"adidas-originals-jeans-reps","status":"publish","type":"product","link":"https:\/\/basereps.com\/de\/produkt\/adidas-originals-jeans-reps\/","title":{"rendered":"Adidas Originals Jeans Reps"},"content":{"rendered":"<p>Mit der Adidas Originals Jeans Reps, einer Linie, die den Klassiker mit einem modernen Twist wieder aufleben l\u00e4sst, k\u00f6nnen Sie den Retro-Stil aufleben lassen. Diese Repliken spiegeln die zeitlose Attraktivit\u00e4t des Originals wider und sind aus hochwertigen Materialien gefertigt, die das Erbe von Adidas ehren.<br \/>\nPeppen Sie Ihren Alltagslook mit den Adidas Originals Jeans Reps auf, Sneakers, die die perfekte Mischung aus Vintage-Charme und modernem Komfort bieten. Diese Schuhe sind nicht einfach nur Schuhe, sondern eine Hommage an eine vergangene Modeepoche, die f\u00fcr die modernen Stra\u00dfen neu interpretiert wurde.<\/p>\n","protected":false},"excerpt":{"rendered":"<p>Mit der Adidas Originals Jeans Reps, einer Linie, die den Klassiker mit einem modernen Twist wieder aufleben l\u00e4sst,&hellip;<\/p>\n","protected":false},"featured_media":13240,"comment_status":"open","ping_status":"closed","template":"","meta":{"_acf_changed":false},"product_cat":[822,821],"product_tag":[687,686,876],"class_list":{"0":"post-16273","1":"product","2":"type-product","3":"status-publish","4":"has-post-thumbnail","6":"product_cat-adidas-reps-schuhe","7":"product_cat-reps-schuhe","8":"product_tag-dc0773-de","9":"product_tag-frauen","10":"product_tag-maenner","11":"product_brand-adidas-reps-sneakers","13":"first","14":"instock","15":"sale","16":"taxable","17":"shipping-taxable","18":"purchasable","19":"product-type-variable"},"acf":[],"jetpack_sharing_enabled":true,"_links":{"self":[{"href":"https:\/\/basereps.com\/de\/wp-json\/wp\/v2\/product\/16273","targetHints":{"allow":["GET"]}}],"collection":[{"href":"https:\/\/basereps.com\/de\/wp-json\/wp\/v2\/product"}],"about":[{"href":"https:\/\/basereps.com\/de\/wp-json\/wp\/v2\/types\/product"}],"replies":[{"embeddable":true,"href":"https:\/\/basereps.com\/de\/wp-json\/wp\/v2\/comments?post=16273"}],"version-history":[{"count":1,"href":"https:\/\/basereps.com\/de\/wp-json\/wp\/v2\/product\/16273\/revisions"}],"predecessor-version":[{"id":17146,"href":"https:\/\/basereps.com\/de\/wp-json\/wp\/v2\/product\/16273\/revisions\/17146"}],"wp:featuredmedia":[{"embeddable":true,"href":"https:\/\/basereps.com\/de\/wp-json\/wp\/v2\/media\/13240"}],"wp:attachment":[{"href":"https:\/\/basereps.com\/de\/wp-json\/wp\/v2\/media?parent=16273"}],"wp:term":[{"taxonomy":"product_cat","embeddable":true,"href":"https:\/\/basereps.com\/de\/wp-json\/wp\/v2\/product_cat?post=16273"},{"taxonomy":"product_tag","embeddable":true,"href":"https:\/\/basereps.com\/de\/wp-json\/wp\/v2\/product_tag?post=16273"}],"curies":[{"name":"wp","href":"https:\/\/api.w.org\/{rel}","templated":true}]}}