{"id":16272,"date":"2023-11-01T03:13:28","date_gmt":"2023-11-01T03:13:28","guid":{"rendered":"https:\/\/basereps.com\/air-jordan-1-niedrig-wiederholungen\/"},"modified":"2024-06-03T13:39:43","modified_gmt":"2024-06-03T13:39:43","slug":"air-jordan-1-low-reps-black-toe","status":"publish","type":"product","link":"https:\/\/basereps.com\/de\/produkt\/air-jordan-1-low-reps-black-toe\/","title":{"rendered":"Air Jordan 1 Low Reps Black Toe"},"content":{"rendered":"<p>Der Air Jordan 1 Low Reps Black Toe ist eine moderne Interpretation des klassischen Air Jordan 1 in einer Low-Top-Version und pr\u00e4sentiert das ikonische &#8222;Black Toe&#8220; Farbschema. Mit seiner zeitlosen \u00c4sthetik und hochwertigen Materialien bietet dieser Sneaker eine zeitgem\u00e4\u00dfe Neuauflage eines legend\u00e4ren Designs. Das markante Schwarz-Wei\u00df-Rot-Farbschema verleiht dem Schuh eine auff\u00e4llige Optik, w\u00e4hrend das charakteristische &#8222;Black Toe&#8220; Detail dem Design seinen unverkennbaren Look verleiht. Gebaut f\u00fcr Stil und Komfort ist der Air Jordan 1 Low Reps Black Toe eine vielseitige Wahl f\u00fcr Sneaker-Enthusiasten, die sowohl auf als auch abseits des Platzes eine Aussage machen m\u00f6chten.<\/p>\n","protected":false},"excerpt":{"rendered":"<p>Der Air Jordan 1 Low Reps Black Toe ist eine moderne Interpretation des klassischen Air Jordan 1 in&hellip;<\/p>\n","protected":false},"featured_media":13345,"comment_status":"open","ping_status":"closed","template":"","meta":{"_acf_changed":false},"product_cat":[825,824,821],"product_tag":[687,686,876],"class_list":{"0":"post-16272","1":"product","2":"type-product","3":"status-publish","4":"has-post-thumbnail","6":"product_cat-air-jordan-1-reps-schuhe","7":"product_cat-air-jordan-reps-schuhe","8":"product_cat-reps-schuhe","9":"product_tag-dc0773-de","10":"product_tag-frauen","11":"product_tag-maenner","12":"product_brand-air-jordan-reps","14":"first","15":"instock","16":"sale","17":"taxable","18":"shipping-taxable","19":"purchasable","20":"product-type-variable"},"acf":[],"jetpack_sharing_enabled":true,"_links":{"self":[{"href":"https:\/\/basereps.com\/de\/wp-json\/wp\/v2\/product\/16272","targetHints":{"allow":["GET"]}}],"collection":[{"href":"https:\/\/basereps.com\/de\/wp-json\/wp\/v2\/product"}],"about":[{"href":"https:\/\/basereps.com\/de\/wp-json\/wp\/v2\/types\/product"}],"replies":[{"embeddable":true,"href":"https:\/\/basereps.com\/de\/wp-json\/wp\/v2\/comments?post=16272"}],"version-history":[{"count":4,"href":"https:\/\/basereps.com\/de\/wp-json\/wp\/v2\/product\/16272\/revisions"}],"predecessor-version":[{"id":19801,"href":"https:\/\/basereps.com\/de\/wp-json\/wp\/v2\/product\/16272\/revisions\/19801"}],"wp:featuredmedia":[{"embeddable":true,"href":"https:\/\/basereps.com\/de\/wp-json\/wp\/v2\/media\/13345"}],"wp:attachment":[{"href":"https:\/\/basereps.com\/de\/wp-json\/wp\/v2\/media?parent=16272"}],"wp:term":[{"taxonomy":"product_cat","embeddable":true,"href":"https:\/\/basereps.com\/de\/wp-json\/wp\/v2\/product_cat?post=16272"},{"taxonomy":"product_tag","embeddable":true,"href":"https:\/\/basereps.com\/de\/wp-json\/wp\/v2\/product_tag?post=16272"}],"curies":[{"name":"wp","href":"https:\/\/api.w.org\/{rel}","templated":true}]}}