{"id":16238,"date":"2023-11-22T16:18:43","date_gmt":"2023-11-22T16:18:43","guid":{"rendered":"https:\/\/basereps.com\/weisses-via-gesu-sweatshirt\/"},"modified":"2024-04-13T22:42:51","modified_gmt":"2024-04-13T22:42:51","slug":"weisses-via-gesu-sweatshirt","status":"publish","type":"product","link":"https:\/\/basereps.com\/de\/produkt\/weisses-via-gesu-sweatshirt\/","title":{"rendered":"Wei\u00dfes VIA GESU Sweatshirt"},"content":{"rendered":"<p><span data-preserver-spaces=\"true\">Die <\/span><strong><br \/>\n  <span data-preserver-spaces=\"true\">Wei\u00dfe VIA GESU Sweatshirt<\/span><br \/>\n<\/strong><span data-preserver-spaces=\"true\">  verk\u00f6rpert eine Verschmelzung von Luxus und l\u00e4ssiger Eleganz. Dieses Sweatshirt mit dem kultigen VIA GESU-Detail ist ein Muss f\u00fcr alle, die die k\u00fchne VS-\u00c4sthetik in Verbindung mit allt\u00e4glichem Komfort bewundern. Das VIA GESU-Element auf dem strahlend wei\u00dfen Hintergrund verleiht dem Sweatshirt Raffinesse und macht es vielseitig einsetzbar f\u00fcr verschiedene modische Anl\u00e4sse.<\/span><\/p>\n","protected":false},"excerpt":{"rendered":"<p>Die Wei\u00dfe VIA GESU Sweatshirt verk\u00f6rpert eine Verschmelzung von Luxus und l\u00e4ssiger Eleganz. Dieses Sweatshirt mit dem kultigen&hellip;<\/p>\n","protected":false},"featured_media":14215,"comment_status":"open","ping_status":"closed","template":"","meta":{"_acf_changed":false},"product_cat":[688,783,793,778,803,808],"product_tag":[686,876],"class_list":{"0":"post-16238","1":"product","2":"type-product","3":"status-publish","4":"has-post-thumbnail","6":"product_cat-damen-replica-kollektion","7":"product_cat-frauen-reps-sweatshirts","8":"product_cat-herren-kollektion","9":"product_cat-kollektion-damenbekleidung","10":"product_cat-replica-bekleidung-fuer-herren","11":"product_cat-replica-sweatshirts-fur-herren","12":"product_tag-frauen","13":"product_tag-maenner","14":"product_brand-versace-reps","16":"first","17":"instock","18":"sale","19":"taxable","20":"shipping-taxable","21":"purchasable","22":"product-type-variable"},"acf":[],"jetpack_sharing_enabled":true,"_links":{"self":[{"href":"https:\/\/basereps.com\/de\/wp-json\/wp\/v2\/product\/16238","targetHints":{"allow":["GET"]}}],"collection":[{"href":"https:\/\/basereps.com\/de\/wp-json\/wp\/v2\/product"}],"about":[{"href":"https:\/\/basereps.com\/de\/wp-json\/wp\/v2\/types\/product"}],"replies":[{"embeddable":true,"href":"https:\/\/basereps.com\/de\/wp-json\/wp\/v2\/comments?post=16238"}],"version-history":[{"count":1,"href":"https:\/\/basereps.com\/de\/wp-json\/wp\/v2\/product\/16238\/revisions"}],"predecessor-version":[{"id":17113,"href":"https:\/\/basereps.com\/de\/wp-json\/wp\/v2\/product\/16238\/revisions\/17113"}],"wp:featuredmedia":[{"embeddable":true,"href":"https:\/\/basereps.com\/de\/wp-json\/wp\/v2\/media\/14215"}],"wp:attachment":[{"href":"https:\/\/basereps.com\/de\/wp-json\/wp\/v2\/media?parent=16238"}],"wp:term":[{"taxonomy":"product_cat","embeddable":true,"href":"https:\/\/basereps.com\/de\/wp-json\/wp\/v2\/product_cat?post=16238"},{"taxonomy":"product_tag","embeddable":true,"href":"https:\/\/basereps.com\/de\/wp-json\/wp\/v2\/product_tag?post=16238"}],"curies":[{"name":"wp","href":"https:\/\/api.w.org\/{rel}","templated":true}]}}