{"id":16237,"date":"2023-11-01T03:09:16","date_gmt":"2023-11-01T03:09:16","guid":{"rendered":"https:\/\/basereps.com\/nike-air-force-1-sf-af1\/"},"modified":"2024-04-13T22:43:23","modified_gmt":"2024-04-13T22:43:23","slug":"nike-air-force-1-sf-af1","status":"publish","type":"product","link":"https:\/\/basereps.com\/de\/produkt\/nike-air-force-1-sf-af1\/","title":{"rendered":"Nike Air Force 1 SF-AF1"},"content":{"rendered":"<p>Der Nike Air Force 1 SF-AF1, auch bekannt als Special Field Air Force 1, ist eine dynamische Verschmelzung von zwei ikonischen Nike Verm\u00e4chtnissen: das klassische Air Force 1 Design und die milit\u00e4risch inspirierte \u00c4sthetik. Dieser aus der Stra\u00dfe stammende und f\u00fcr den urbanen Gebrauch angepasste Sneaker zeigt ein robustes Design, das eine Hommage an die milit\u00e4rische Ausr\u00fcstung darstellt und gleichzeitig den zeitlosen Reiz des urspr\u00fcnglichen Air Force 1 beibeh\u00e4lt. Mit seiner Mischung aus Mode und Funktion ist der SF-AF1 ein Zeugnis f\u00fcr Nikes Engagement f\u00fcr Innovation und Stil.<\/p>\n","protected":false},"excerpt":{"rendered":"<p>Der Nike Air Force 1 SF-AF1, auch bekannt als Special Field Air Force 1, ist eine dynamische Verschmelzung&hellip;<\/p>\n","protected":false},"featured_media":13231,"comment_status":"open","ping_status":"closed","template":"","meta":{"_acf_changed":false},"product_cat":[866,865,844,821],"product_tag":[687,686,876],"class_list":{"0":"post-16237","1":"product","2":"type-product","3":"status-publish","4":"has-post-thumbnail","6":"product_cat-nike-air-force-1-reps-schuhe","7":"product_cat-nike-lifestyle-schuhe","8":"product_cat-nike-reps-schuhe","9":"product_cat-reps-schuhe","10":"product_tag-dc0773-de","11":"product_tag-frauen","12":"product_tag-maenner","13":"product_brand-nike-reps","15":"first","16":"instock","17":"sale","18":"taxable","19":"shipping-taxable","20":"purchasable","21":"product-type-variable"},"acf":[],"jetpack_sharing_enabled":true,"_links":{"self":[{"href":"https:\/\/basereps.com\/de\/wp-json\/wp\/v2\/product\/16237","targetHints":{"allow":["GET"]}}],"collection":[{"href":"https:\/\/basereps.com\/de\/wp-json\/wp\/v2\/product"}],"about":[{"href":"https:\/\/basereps.com\/de\/wp-json\/wp\/v2\/types\/product"}],"replies":[{"embeddable":true,"href":"https:\/\/basereps.com\/de\/wp-json\/wp\/v2\/comments?post=16237"}],"version-history":[{"count":1,"href":"https:\/\/basereps.com\/de\/wp-json\/wp\/v2\/product\/16237\/revisions"}],"predecessor-version":[{"id":17147,"href":"https:\/\/basereps.com\/de\/wp-json\/wp\/v2\/product\/16237\/revisions\/17147"}],"wp:featuredmedia":[{"embeddable":true,"href":"https:\/\/basereps.com\/de\/wp-json\/wp\/v2\/media\/13231"}],"wp:attachment":[{"href":"https:\/\/basereps.com\/de\/wp-json\/wp\/v2\/media?parent=16237"}],"wp:term":[{"taxonomy":"product_cat","embeddable":true,"href":"https:\/\/basereps.com\/de\/wp-json\/wp\/v2\/product_cat?post=16237"},{"taxonomy":"product_tag","embeddable":true,"href":"https:\/\/basereps.com\/de\/wp-json\/wp\/v2\/product_tag?post=16237"}],"curies":[{"name":"wp","href":"https:\/\/api.w.org\/{rel}","templated":true}]}}