{"id":16197,"date":"2023-11-01T03:11:07","date_gmt":"2023-11-01T03:11:07","guid":{"rendered":"https:\/\/basereps.com\/nike-air-vapormax-360-blau-leere-magie-wiederholungen\/"},"modified":"2024-04-24T19:13:00","modified_gmt":"2024-04-24T19:13:00","slug":"nike-air-vapormax-360-blau-leere-magie-reps","status":"publish","type":"product","link":"https:\/\/basereps.com\/de\/produkt\/nike-air-vapormax-360-blau-leere-magie-reps\/","title":{"rendered":"Nike Air Vapormax 360 Blau Leere Magie Reps"},"content":{"rendered":"<p><span data-preserver-spaces=\"true\">Sie stellen den fesselnden <\/span><strong><br \/>\n<span data-preserver-spaces=\"true\">Nike Air Vapormax 360 Blau Leere Magie Reps<\/span><br \/>\n<\/strong><span data-preserver-spaces=\"true\">, wo Stil auf Innovation trifft. Diese Replikate sind mehr als nur Turnschuhe; sie sind eine Verschmelzung von modischem Design und modernster Technologie. Die <\/span><strong><span data-preserver-spaces=\"true\">Nike Air Vapormax 360 Blau Leere Magie Wiederholungen<\/span><\/strong><span data-preserver-spaces=\"true\"> sind ein Beweis f\u00fcr das Engagement der Marke, Komfort, Unterst\u00fctzung und Stil zu bieten. Mit diesen au\u00dfergew\u00f6hnlichen Sneakern, die Form und Funktion m\u00fchelos vereinen, k\u00f6nnen Sie Ihr Schuhwerk aufwerten.<\/span><\/p>\n","protected":false},"excerpt":{"rendered":"<p>Sie stellen den fesselnden Nike Air Vapormax 360 Blau Leere Magie Reps , wo Stil auf Innovation trifft.&hellip;<\/p>\n","protected":false},"featured_media":13274,"comment_status":"open","ping_status":"closed","template":"","meta":{"_acf_changed":false},"product_cat":[853,845,844,821],"product_tag":[687,686,876],"class_list":{"0":"post-16197","1":"product","2":"type-product","3":"status-publish","4":"has-post-thumbnail","6":"product_cat-air-vapormax-reps-schuhe","7":"product_cat-nike-air-max-reps-schuhe","8":"product_cat-nike-reps-schuhe","9":"product_cat-reps-schuhe","10":"product_tag-dc0773-de","11":"product_tag-frauen","12":"product_tag-maenner","13":"product_brand-nike-reps","15":"first","16":"instock","17":"sale","18":"taxable","19":"shipping-taxable","20":"purchasable","21":"product-type-variable"},"acf":[],"jetpack_sharing_enabled":true,"_links":{"self":[{"href":"https:\/\/basereps.com\/de\/wp-json\/wp\/v2\/product\/16197","targetHints":{"allow":["GET"]}}],"collection":[{"href":"https:\/\/basereps.com\/de\/wp-json\/wp\/v2\/product"}],"about":[{"href":"https:\/\/basereps.com\/de\/wp-json\/wp\/v2\/types\/product"}],"replies":[{"embeddable":true,"href":"https:\/\/basereps.com\/de\/wp-json\/wp\/v2\/comments?post=16197"}],"version-history":[{"count":3,"href":"https:\/\/basereps.com\/de\/wp-json\/wp\/v2\/product\/16197\/revisions"}],"predecessor-version":[{"id":17562,"href":"https:\/\/basereps.com\/de\/wp-json\/wp\/v2\/product\/16197\/revisions\/17562"}],"wp:featuredmedia":[{"embeddable":true,"href":"https:\/\/basereps.com\/de\/wp-json\/wp\/v2\/media\/13274"}],"wp:attachment":[{"href":"https:\/\/basereps.com\/de\/wp-json\/wp\/v2\/media?parent=16197"}],"wp:term":[{"taxonomy":"product_cat","embeddable":true,"href":"https:\/\/basereps.com\/de\/wp-json\/wp\/v2\/product_cat?post=16197"},{"taxonomy":"product_tag","embeddable":true,"href":"https:\/\/basereps.com\/de\/wp-json\/wp\/v2\/product_tag?post=16197"}],"curies":[{"name":"wp","href":"https:\/\/api.w.org\/{rel}","templated":true}]}}