{"id":16179,"date":"2023-11-22T05:17:17","date_gmt":"2023-11-22T05:17:17","guid":{"rendered":"https:\/\/basereps.com\/schwarzes-givenchy-replika-sweatshirt-mit-sternenpailletten\/"},"modified":"2024-04-13T22:42:54","modified_gmt":"2024-04-13T22:42:54","slug":"schwarzes-givenchy-replika-sweatshirt-mit-sternenpailletten","status":"publish","type":"product","link":"https:\/\/basereps.com\/de\/produkt\/schwarzes-givenchy-replika-sweatshirt-mit-sternenpailletten\/","title":{"rendered":"Schwarzes Givenchy Replika-Sweatshirt mit Sternenpailletten"},"content":{"rendered":"<p><span data-preserver-spaces=\"true\">Die <\/span><strong><br \/>\n  <span data-preserver-spaces=\"true\">Schwarzes Givenchy Replica Sweatshirt mit Sternenpailletten<\/span><br \/>\n<\/strong><span data-preserver-spaces=\"true\">  verbindet m\u00fchelos hochmodischen Charme mit einem Hauch von Laune. Ideal f\u00fcr alle, die mutige und einzigartige Modestatements zu sch\u00e4tzen wissen. Dieses Sweatshirt ist mit schillernden Sternenpailletten verziert, die dem klassischen schwarzen Sweatshirt einen luxuri\u00f6sen Touch verleihen. Es ist ein hervorstechendes St\u00fcck f\u00fcr alle, die ihre Garderobe mit Glamour aufpeppen wollen.<\/span><\/p>\n","protected":false},"excerpt":{"rendered":"<p>Die Schwarzes Givenchy Replica Sweatshirt mit Sternenpailletten verbindet m\u00fchelos hochmodischen Charme mit einem Hauch von Laune. Ideal f\u00fcr&hellip;<\/p>\n","protected":false},"featured_media":13542,"comment_status":"open","ping_status":"closed","template":"","meta":{"_acf_changed":false},"product_cat":[688,783,793,778,803,808],"product_tag":[686,876],"class_list":{"0":"post-16179","1":"product","2":"type-product","3":"status-publish","4":"has-post-thumbnail","6":"product_cat-damen-replica-kollektion","7":"product_cat-frauen-reps-sweatshirts","8":"product_cat-herren-kollektion","9":"product_cat-kollektion-damenbekleidung","10":"product_cat-replica-bekleidung-fuer-herren","11":"product_cat-replica-sweatshirts-fur-herren","12":"product_tag-frauen","13":"product_tag-maenner","14":"product_brand-givenchy-reps","16":"first","17":"instock","18":"sale","19":"taxable","20":"shipping-taxable","21":"purchasable","22":"product-type-variable"},"acf":[],"jetpack_sharing_enabled":true,"_links":{"self":[{"href":"https:\/\/basereps.com\/de\/wp-json\/wp\/v2\/product\/16179","targetHints":{"allow":["GET"]}}],"collection":[{"href":"https:\/\/basereps.com\/de\/wp-json\/wp\/v2\/product"}],"about":[{"href":"https:\/\/basereps.com\/de\/wp-json\/wp\/v2\/types\/product"}],"replies":[{"embeddable":true,"href":"https:\/\/basereps.com\/de\/wp-json\/wp\/v2\/comments?post=16179"}],"version-history":[{"count":1,"href":"https:\/\/basereps.com\/de\/wp-json\/wp\/v2\/product\/16179\/revisions"}],"predecessor-version":[{"id":17119,"href":"https:\/\/basereps.com\/de\/wp-json\/wp\/v2\/product\/16179\/revisions\/17119"}],"wp:featuredmedia":[{"embeddable":true,"href":"https:\/\/basereps.com\/de\/wp-json\/wp\/v2\/media\/13542"}],"wp:attachment":[{"href":"https:\/\/basereps.com\/de\/wp-json\/wp\/v2\/media?parent=16179"}],"wp:term":[{"taxonomy":"product_cat","embeddable":true,"href":"https:\/\/basereps.com\/de\/wp-json\/wp\/v2\/product_cat?post=16179"},{"taxonomy":"product_tag","embeddable":true,"href":"https:\/\/basereps.com\/de\/wp-json\/wp\/v2\/product_tag?post=16179"}],"curies":[{"name":"wp","href":"https:\/\/api.w.org\/{rel}","templated":true}]}}