{"id":16158,"date":"2023-11-01T03:10:42","date_gmt":"2023-11-01T03:10:42","guid":{"rendered":"https:\/\/basereps.com\/nike-air-force-1-07-lv8-just-stitch-it-farbton\/"},"modified":"2024-04-24T19:21:53","modified_gmt":"2024-04-24T19:21:53","slug":"nike-air-force-1-07-lv8-just-stitch-it-farbton","status":"publish","type":"product","link":"https:\/\/basereps.com\/de\/produkt\/nike-air-force-1-07-lv8-just-stitch-it-farbton\/","title":{"rendered":"Nike Air Force 1 07 LV8 Just Stitch It Farbton"},"content":{"rendered":"<p>Der Nike Air Force 1 07 LV8 Just Stitch It Shade ist eine meisterhafte Mischung aus dem reichen Erbe von Nike und modernen Designelementen. Als Hommage an den kultigen Air Force 1, der 1982 deb\u00fctierte, verk\u00f6rpert diese Iteration mit ihren komplizierten N\u00e4hten und der &#8222;Shade&#8220;-Farbgebung die Evolution der Sneakerkultur \u00fcber die Jahrzehnte hinweg. Die &#8222;Just Stitch It&#8220;-Details sind eine Anspielung auf die Handwerkskunst und die akribische Liebe zum Detail, die das Design-Ethos von Nike pr\u00e4gen.<\/p>\n","protected":false},"excerpt":{"rendered":"<p>Der Nike Air Force 1 07 LV8 Just Stitch It Shade ist eine meisterhafte Mischung aus dem reichen&hellip;<\/p>\n","protected":false},"featured_media":13269,"comment_status":"open","ping_status":"closed","template":"","meta":{"_acf_changed":false},"product_cat":[866,865,844,821],"product_tag":[687,686,876],"class_list":{"0":"post-16158","1":"product","2":"type-product","3":"status-publish","4":"has-post-thumbnail","6":"product_cat-nike-air-force-1-reps-schuhe","7":"product_cat-nike-lifestyle-schuhe","8":"product_cat-nike-reps-schuhe","9":"product_cat-reps-schuhe","10":"product_tag-dc0773-de","11":"product_tag-frauen","12":"product_tag-maenner","13":"product_brand-nike-reps","15":"first","16":"instock","17":"sale","18":"taxable","19":"shipping-taxable","20":"purchasable","21":"product-type-variable"},"acf":[],"jetpack_sharing_enabled":true,"_links":{"self":[{"href":"https:\/\/basereps.com\/de\/wp-json\/wp\/v2\/product\/16158","targetHints":{"allow":["GET"]}}],"collection":[{"href":"https:\/\/basereps.com\/de\/wp-json\/wp\/v2\/product"}],"about":[{"href":"https:\/\/basereps.com\/de\/wp-json\/wp\/v2\/types\/product"}],"replies":[{"embeddable":true,"href":"https:\/\/basereps.com\/de\/wp-json\/wp\/v2\/comments?post=16158"}],"version-history":[{"count":1,"href":"https:\/\/basereps.com\/de\/wp-json\/wp\/v2\/product\/16158\/revisions"}],"predecessor-version":[{"id":17143,"href":"https:\/\/basereps.com\/de\/wp-json\/wp\/v2\/product\/16158\/revisions\/17143"}],"wp:featuredmedia":[{"embeddable":true,"href":"https:\/\/basereps.com\/de\/wp-json\/wp\/v2\/media\/13269"}],"wp:attachment":[{"href":"https:\/\/basereps.com\/de\/wp-json\/wp\/v2\/media?parent=16158"}],"wp:term":[{"taxonomy":"product_cat","embeddable":true,"href":"https:\/\/basereps.com\/de\/wp-json\/wp\/v2\/product_cat?post=16158"},{"taxonomy":"product_tag","embeddable":true,"href":"https:\/\/basereps.com\/de\/wp-json\/wp\/v2\/product_tag?post=16158"}],"curies":[{"name":"wp","href":"https:\/\/api.w.org\/{rel}","templated":true}]}}