{"id":16137,"date":"2023-11-22T05:51:23","date_gmt":"2023-11-22T05:51:23","guid":{"rendered":"https:\/\/basereps.com\/weisses-fendi-sweatshirt-mit-taschenlogo\/"},"modified":"2024-04-13T22:42:52","modified_gmt":"2024-04-13T22:42:52","slug":"weisses-fendi-sweatshirt-mit-taschenlogo","status":"publish","type":"product","link":"https:\/\/basereps.com\/de\/produkt\/weisses-fendi-sweatshirt-mit-taschenlogo\/","title":{"rendered":"Wei\u00dfes Fendi-Sweatshirt mit Taschenlogo"},"content":{"rendered":"<p><span data-preserver-spaces=\"true\">Die <\/span><strong><br \/>\n  <span data-preserver-spaces=\"true\">Wei\u00dfes Fendi Sweatshirt mit Taschenlogo<\/span><br \/>\n<\/strong><span data-preserver-spaces=\"true\">  verbindet auf elegante Weise Luxus mit l\u00e4ssigem Komfort. Dieses Sweatshirt ist die perfekte Wahl f\u00fcr Modebegeisterte. Es zeigt das kultige Fendi Bag Logo auf strahlend wei\u00dfem Canvas und sorgt f\u00fcr einen raffinierten und m\u00fchelos stilvollen Look. Es ist die ideale Erg\u00e4nzung f\u00fcr alle, die modische Elemente in ihrer Alltagskleidung sch\u00e4tzen.<\/span><\/p>\n","protected":false},"excerpt":{"rendered":"<p>Die Wei\u00dfes Fendi Sweatshirt mit Taschenlogo verbindet auf elegante Weise Luxus mit l\u00e4ssigem Komfort. Dieses Sweatshirt ist die&hellip;<\/p>\n","protected":false},"featured_media":14260,"comment_status":"open","ping_status":"closed","template":"","meta":{"_acf_changed":false},"product_cat":[688,783,778],"product_tag":[686],"class_list":{"0":"post-16137","1":"product","2":"type-product","3":"status-publish","4":"has-post-thumbnail","6":"product_cat-damen-replica-kollektion","7":"product_cat-frauen-reps-sweatshirts","8":"product_cat-kollektion-damenbekleidung","9":"product_tag-frauen","10":"product_brand-fendi-reps","12":"first","13":"instock","14":"sale","15":"taxable","16":"shipping-taxable","17":"purchasable","18":"product-type-variable"},"acf":[],"jetpack_sharing_enabled":true,"_links":{"self":[{"href":"https:\/\/basereps.com\/de\/wp-json\/wp\/v2\/product\/16137","targetHints":{"allow":["GET"]}}],"collection":[{"href":"https:\/\/basereps.com\/de\/wp-json\/wp\/v2\/product"}],"about":[{"href":"https:\/\/basereps.com\/de\/wp-json\/wp\/v2\/types\/product"}],"replies":[{"embeddable":true,"href":"https:\/\/basereps.com\/de\/wp-json\/wp\/v2\/comments?post=16137"}],"version-history":[{"count":1,"href":"https:\/\/basereps.com\/de\/wp-json\/wp\/v2\/product\/16137\/revisions"}],"predecessor-version":[{"id":17115,"href":"https:\/\/basereps.com\/de\/wp-json\/wp\/v2\/product\/16137\/revisions\/17115"}],"wp:featuredmedia":[{"embeddable":true,"href":"https:\/\/basereps.com\/de\/wp-json\/wp\/v2\/media\/14260"}],"wp:attachment":[{"href":"https:\/\/basereps.com\/de\/wp-json\/wp\/v2\/media?parent=16137"}],"wp:term":[{"taxonomy":"product_cat","embeddable":true,"href":"https:\/\/basereps.com\/de\/wp-json\/wp\/v2\/product_cat?post=16137"},{"taxonomy":"product_tag","embeddable":true,"href":"https:\/\/basereps.com\/de\/wp-json\/wp\/v2\/product_tag?post=16137"}],"curies":[{"name":"wp","href":"https:\/\/api.w.org\/{rel}","templated":true}]}}