{"id":16131,"date":"2023-11-20T11:37:54","date_gmt":"2023-11-20T11:37:54","guid":{"rendered":"https:\/\/basereps.com\/schwarzes-balenciaga-replik-sweatshirt-in-uebergroesse\/"},"modified":"2024-04-13T22:43:02","modified_gmt":"2024-04-13T22:43:02","slug":"schwarzes-balenciaga-replik-sweatshirt-in-uebergroesse","status":"publish","type":"product","link":"https:\/\/basereps.com\/de\/produkt\/schwarzes-balenciaga-replik-sweatshirt-in-uebergroesse\/","title":{"rendered":"Schwarzes Balenciaga Replik Sweatshirt in \u00dcbergr\u00f6\u00dfe"},"content":{"rendered":"<p><span data-preserver-spaces=\"true\">Die <\/span><strong><br \/>\n  <span data-preserver-spaces=\"true\">Schwarzes Balenciaga Replika Sweatshirt in \u00dcbergr\u00f6\u00dfe<\/span><br \/>\n<\/strong><span data-preserver-spaces=\"true\">  definiert Komfort und Stil neu. Dieses Sweatshirt wurde f\u00fcr diejenigen entworfen, die Luxus und entspannte Mode zu sch\u00e4tzen wissen. Es kombiniert eine moderne Oversized-Passform mit dem kultigen Charme der Marke Balenciaga. Seine vielseitige schwarze Farbe und seine schlichte Eleganz machen ihn zu einem Muss f\u00fcr jede modebewusste Garderobe.<\/span><\/p>\n","protected":false},"excerpt":{"rendered":"<p>Die Schwarzes Balenciaga Replika Sweatshirt in \u00dcbergr\u00f6\u00dfe definiert Komfort und Stil neu. Dieses Sweatshirt wurde f\u00fcr diejenigen entworfen,&hellip;<\/p>\n","protected":false},"featured_media":13417,"comment_status":"open","ping_status":"closed","template":"","meta":{"_acf_changed":false},"product_cat":[688,783,793,778,803,808],"product_tag":[686,876],"class_list":{"0":"post-16131","1":"product","2":"type-product","3":"status-publish","4":"has-post-thumbnail","6":"product_cat-damen-replica-kollektion","7":"product_cat-frauen-reps-sweatshirts","8":"product_cat-herren-kollektion","9":"product_cat-kollektion-damenbekleidung","10":"product_cat-replica-bekleidung-fuer-herren","11":"product_cat-replica-sweatshirts-fur-herren","12":"product_tag-frauen","13":"product_tag-maenner","14":"product_brand-balenciaga-reps","16":"first","17":"instock","18":"sale","19":"taxable","20":"shipping-taxable","21":"purchasable","22":"product-type-variable"},"acf":[],"jetpack_sharing_enabled":true,"_links":{"self":[{"href":"https:\/\/basereps.com\/de\/wp-json\/wp\/v2\/product\/16131","targetHints":{"allow":["GET"]}}],"collection":[{"href":"https:\/\/basereps.com\/de\/wp-json\/wp\/v2\/product"}],"about":[{"href":"https:\/\/basereps.com\/de\/wp-json\/wp\/v2\/types\/product"}],"replies":[{"embeddable":true,"href":"https:\/\/basereps.com\/de\/wp-json\/wp\/v2\/comments?post=16131"}],"version-history":[{"count":1,"href":"https:\/\/basereps.com\/de\/wp-json\/wp\/v2\/product\/16131\/revisions"}],"predecessor-version":[{"id":17135,"href":"https:\/\/basereps.com\/de\/wp-json\/wp\/v2\/product\/16131\/revisions\/17135"}],"wp:featuredmedia":[{"embeddable":true,"href":"https:\/\/basereps.com\/de\/wp-json\/wp\/v2\/media\/13417"}],"wp:attachment":[{"href":"https:\/\/basereps.com\/de\/wp-json\/wp\/v2\/media?parent=16131"}],"wp:term":[{"taxonomy":"product_cat","embeddable":true,"href":"https:\/\/basereps.com\/de\/wp-json\/wp\/v2\/product_cat?post=16131"},{"taxonomy":"product_tag","embeddable":true,"href":"https:\/\/basereps.com\/de\/wp-json\/wp\/v2\/product_tag?post=16131"}],"curies":[{"name":"wp","href":"https:\/\/api.w.org\/{rel}","templated":true}]}}