{"id":16130,"date":"2023-11-01T03:06:51","date_gmt":"2023-11-01T03:06:51","guid":{"rendered":"https:\/\/basereps.com\/nike-air-max-command\/"},"modified":"2024-04-13T22:43:34","modified_gmt":"2024-04-13T22:43:34","slug":"nike-air-max-command","status":"publish","type":"product","link":"https:\/\/basereps.com\/de\/produkt\/nike-air-max-command\/","title":{"rendered":"Nike Air Max Command"},"content":{"rendered":"<p>Der Nike Air Max Command ist eine klassische Verk\u00f6rperung der Air Max-Linie von Nike und verbindet nahtlos Vintage-\u00c4sthetik mit modernem Komfort. Inspiriert von den Anf\u00e4ngen des Air Max pr\u00e4sentiert sich dieser Sneaker mit einem Design, das eine Hommage an die sp\u00e4ten 80er und fr\u00fchen 90er Jahre darstellt. Das macht ihn zu einem nostalgischen St\u00fcck f\u00fcr langj\u00e4hrige Air Max-Enthusiasten und zu einer frischen Erg\u00e4nzung f\u00fcr neue Fans.<\/p>\n","protected":false},"excerpt":{"rendered":"<p>Der Nike Air Max Command ist eine klassische Verk\u00f6rperung der Air Max-Linie von Nike und verbindet nahtlos Vintage-\u00c4sthetik&hellip;<\/p>\n","protected":false},"featured_media":13157,"comment_status":"open","ping_status":"closed","template":"","meta":{"_acf_changed":false},"product_cat":[845,854,844,821],"product_tag":[687,686,876],"class_list":{"0":"post-16130","1":"product","2":"type-product","3":"status-publish","4":"has-post-thumbnail","6":"product_cat-nike-air-max-reps-schuhe","7":"product_cat-nike-assortierte-schuhe-nike-reps-schuhe","8":"product_cat-nike-reps-schuhe","9":"product_cat-reps-schuhe","10":"product_tag-dc0773-de","11":"product_tag-frauen","12":"product_tag-maenner","13":"product_brand-nike-reps","15":"first","16":"instock","17":"sale","18":"taxable","19":"shipping-taxable","20":"purchasable","21":"product-type-variable"},"acf":[],"jetpack_sharing_enabled":true,"_links":{"self":[{"href":"https:\/\/basereps.com\/de\/wp-json\/wp\/v2\/product\/16130","targetHints":{"allow":["GET"]}}],"collection":[{"href":"https:\/\/basereps.com\/de\/wp-json\/wp\/v2\/product"}],"about":[{"href":"https:\/\/basereps.com\/de\/wp-json\/wp\/v2\/types\/product"}],"replies":[{"embeddable":true,"href":"https:\/\/basereps.com\/de\/wp-json\/wp\/v2\/comments?post=16130"}],"version-history":[{"count":1,"href":"https:\/\/basereps.com\/de\/wp-json\/wp\/v2\/product\/16130\/revisions"}],"predecessor-version":[{"id":17159,"href":"https:\/\/basereps.com\/de\/wp-json\/wp\/v2\/product\/16130\/revisions\/17159"}],"wp:featuredmedia":[{"embeddable":true,"href":"https:\/\/basereps.com\/de\/wp-json\/wp\/v2\/media\/13157"}],"wp:attachment":[{"href":"https:\/\/basereps.com\/de\/wp-json\/wp\/v2\/media?parent=16130"}],"wp:term":[{"taxonomy":"product_cat","embeddable":true,"href":"https:\/\/basereps.com\/de\/wp-json\/wp\/v2\/product_cat?post=16130"},{"taxonomy":"product_tag","embeddable":true,"href":"https:\/\/basereps.com\/de\/wp-json\/wp\/v2\/product_tag?post=16130"}],"curies":[{"name":"wp","href":"https:\/\/api.w.org\/{rel}","templated":true}]}}