{"id":16122,"date":"2023-11-01T03:08:44","date_gmt":"2023-11-01T03:08:44","guid":{"rendered":"https:\/\/basereps.com\/nike-motiva-road-runner\/"},"modified":"2024-04-13T22:43:26","modified_gmt":"2024-04-13T22:43:26","slug":"nike-motiva-road-runner","status":"publish","type":"product","link":"https:\/\/basereps.com\/de\/produkt\/nike-motiva-road-runner\/","title":{"rendered":"Nike Motiva Road Runner"},"content":{"rendered":"<p>Der Nike Motiva Road Runner ist ein Beweis f\u00fcr die Hingabe von Nike, den perfekten Laufschuh zu entwickeln. Dieser Sneaker wurde f\u00fcr den modernen L\u00e4ufer entwickelt und kombiniert die neueste Nike-Technologie mit einem Design, das auf die offene Stra\u00dfe zugeschnitten ist. Egal, ob Sie f\u00fcr einen Marathon trainieren oder nur locker joggen, der Motiva Road Runner sorgt daf\u00fcr, dass jeder Schritt unterst\u00fctzt, bequem und stilvoll ist.<\/p>\n","protected":false},"excerpt":{"rendered":"<p>Der Nike Motiva Road Runner ist ein Beweis f\u00fcr die Hingabe von Nike, den perfekten Laufschuh zu entwickeln.&hellip;<\/p>\n","protected":false},"featured_media":13218,"comment_status":"open","ping_status":"closed","template":"","meta":{"_acf_changed":false},"product_cat":[854,844,821],"product_tag":[687,686,876],"class_list":{"0":"post-16122","1":"product","2":"type-product","3":"status-publish","4":"has-post-thumbnail","6":"product_cat-nike-assortierte-schuhe-nike-reps-schuhe","7":"product_cat-nike-reps-schuhe","8":"product_cat-reps-schuhe","9":"product_tag-dc0773-de","10":"product_tag-frauen","11":"product_tag-maenner","12":"product_brand-nike-reps","14":"first","15":"instock","16":"sale","17":"taxable","18":"shipping-taxable","19":"purchasable","20":"product-type-variable"},"acf":[],"jetpack_sharing_enabled":true,"_links":{"self":[{"href":"https:\/\/basereps.com\/de\/wp-json\/wp\/v2\/product\/16122","targetHints":{"allow":["GET"]}}],"collection":[{"href":"https:\/\/basereps.com\/de\/wp-json\/wp\/v2\/product"}],"about":[{"href":"https:\/\/basereps.com\/de\/wp-json\/wp\/v2\/types\/product"}],"replies":[{"embeddable":true,"href":"https:\/\/basereps.com\/de\/wp-json\/wp\/v2\/comments?post=16122"}],"version-history":[{"count":1,"href":"https:\/\/basereps.com\/de\/wp-json\/wp\/v2\/product\/16122\/revisions"}],"predecessor-version":[{"id":17149,"href":"https:\/\/basereps.com\/de\/wp-json\/wp\/v2\/product\/16122\/revisions\/17149"}],"wp:featuredmedia":[{"embeddable":true,"href":"https:\/\/basereps.com\/de\/wp-json\/wp\/v2\/media\/13218"}],"wp:attachment":[{"href":"https:\/\/basereps.com\/de\/wp-json\/wp\/v2\/media?parent=16122"}],"wp:term":[{"taxonomy":"product_cat","embeddable":true,"href":"https:\/\/basereps.com\/de\/wp-json\/wp\/v2\/product_cat?post=16122"},{"taxonomy":"product_tag","embeddable":true,"href":"https:\/\/basereps.com\/de\/wp-json\/wp\/v2\/product_tag?post=16122"}],"curies":[{"name":"wp","href":"https:\/\/api.w.org\/{rel}","templated":true}]}}