{"id":16074,"date":"2023-11-01T03:09:43","date_gmt":"2023-11-01T03:09:43","guid":{"rendered":"https:\/\/basereps.com\/adidas-pure-boost-22-h-rdy-wiederholungen\/"},"modified":"2024-04-13T22:43:19","modified_gmt":"2024-04-13T22:43:19","slug":"adidas-pure-boost-22-h-rdy-wiederholungen","status":"publish","type":"product","link":"https:\/\/basereps.com\/de\/produkt\/adidas-pure-boost-22-h-rdy-wiederholungen\/","title":{"rendered":"Adidas Pure Boost 22 H RDY Wiederholungen"},"content":{"rendered":"<p><span data-preserver-spaces=\"true\">Umarmen Sie den Gipfel an Komfort und Stil mit dem <\/span><strong><br \/>\n  <span data-preserver-spaces=\"true\">Adidas Pure Boost 22 H RDY Reps<\/span><br \/>\n<\/strong><span data-preserver-spaces=\"true\">, eine sorgf\u00e4ltig gefertigte Replik der ikonischen Performance-Sneaker, die nahtlos Funktionalit\u00e4t und Mode verschmilzt.<\/span><\/p>\n<p><span data-preserver-spaces=\"true\">Die Adidas Pure Boost 22 H RDY Reps verf\u00fcgen \u00fcber ein atmungsaktives Mesh-Obermaterial, das die Luftzirkulation und eine reaktionsschnelle Boost-Zwischensohle f\u00fcr un\u00fcbertroffene D\u00e4mpfung verbessert und ein au\u00dfergew\u00f6hnliches Lauferlebnis bietet.<\/span><\/p>\n","protected":false},"excerpt":{"rendered":"<p>Umarmen Sie den Gipfel an Komfort und Stil mit dem Adidas Pure Boost 22 H RDY Reps ,&hellip;<\/p>\n","protected":false},"featured_media":13252,"comment_status":"open","ping_status":"closed","template":"","meta":{"_acf_changed":false},"product_cat":[822,821],"product_tag":[687,686,876],"class_list":{"0":"post-16074","1":"product","2":"type-product","3":"status-publish","4":"has-post-thumbnail","6":"product_cat-adidas-reps-schuhe","7":"product_cat-reps-schuhe","8":"product_tag-dc0773-de","9":"product_tag-frauen","10":"product_tag-maenner","11":"product_brand-adidas-reps-sneakers","13":"first","14":"instock","15":"sale","16":"taxable","17":"shipping-taxable","18":"purchasable","19":"product-type-variable"},"acf":[],"jetpack_sharing_enabled":true,"_links":{"self":[{"href":"https:\/\/basereps.com\/de\/wp-json\/wp\/v2\/product\/16074","targetHints":{"allow":["GET"]}}],"collection":[{"href":"https:\/\/basereps.com\/de\/wp-json\/wp\/v2\/product"}],"about":[{"href":"https:\/\/basereps.com\/de\/wp-json\/wp\/v2\/types\/product"}],"replies":[{"embeddable":true,"href":"https:\/\/basereps.com\/de\/wp-json\/wp\/v2\/comments?post=16074"}],"version-history":[{"count":1,"href":"https:\/\/basereps.com\/de\/wp-json\/wp\/v2\/product\/16074\/revisions"}],"predecessor-version":[{"id":16461,"href":"https:\/\/basereps.com\/de\/wp-json\/wp\/v2\/product\/16074\/revisions\/16461"}],"wp:featuredmedia":[{"embeddable":true,"href":"https:\/\/basereps.com\/de\/wp-json\/wp\/v2\/media\/13252"}],"wp:attachment":[{"href":"https:\/\/basereps.com\/de\/wp-json\/wp\/v2\/media?parent=16074"}],"wp:term":[{"taxonomy":"product_cat","embeddable":true,"href":"https:\/\/basereps.com\/de\/wp-json\/wp\/v2\/product_cat?post=16074"},{"taxonomy":"product_tag","embeddable":true,"href":"https:\/\/basereps.com\/de\/wp-json\/wp\/v2\/product_tag?post=16074"}],"curies":[{"name":"wp","href":"https:\/\/api.w.org\/{rel}","templated":true}]}}