{"id":16071,"date":"2023-11-19T04:52:39","date_gmt":"2023-11-19T04:52:39","guid":{"rendered":"https:\/\/basereps.com\/dunkelgraues-christian-dior-replik-sweatshirt\/"},"modified":"2024-04-13T22:43:03","modified_gmt":"2024-04-13T22:43:03","slug":"dunkelgraues-christian-dior-replik-sweatshirt","status":"publish","type":"product","link":"https:\/\/basereps.com\/de\/produkt\/dunkelgraues-christian-dior-replik-sweatshirt\/","title":{"rendered":"Dunkelgraues Christian Dior Replik-Sweatshirt"},"content":{"rendered":"<p><span data-preserver-spaces=\"true\">G\u00f6nnen Sie sich den Inbegriff von Mode mit unserem <\/span><strong><br \/>\n  <span data-preserver-spaces=\"true\">Dunkelgrauen Christian Dior Replik Sweatshirt<\/span><br \/>\n<\/strong><span data-preserver-spaces=\"true\">. Dieses Sweatshirt ist nicht nur ein Kleidungsst\u00fcck, sondern ein Statement, das die Essenz des legend\u00e4ren Christian Dior in Design und Qualit\u00e4t widerspiegelt. Lassen Sie sich von der Anziehungskraft einer Marke verf\u00fchren, die f\u00fcr Luxus steht und die in unserer Replik akribisch eingefangen wurde.<\/span><\/p>\n","protected":false},"excerpt":{"rendered":"<p>G\u00f6nnen Sie sich den Inbegriff von Mode mit unserem Dunkelgrauen Christian Dior Replik Sweatshirt . Dieses Sweatshirt ist&hellip;<\/p>\n","protected":false},"featured_media":13480,"comment_status":"open","ping_status":"closed","template":"","meta":{"_acf_changed":false},"product_cat":[688,783,793,778,803,808],"product_tag":[686,876],"class_list":{"0":"post-16071","1":"product","2":"type-product","3":"status-publish","4":"has-post-thumbnail","6":"product_cat-damen-replica-kollektion","7":"product_cat-frauen-reps-sweatshirts","8":"product_cat-herren-kollektion","9":"product_cat-kollektion-damenbekleidung","10":"product_cat-replica-bekleidung-fuer-herren","11":"product_cat-replica-sweatshirts-fur-herren","12":"product_tag-frauen","13":"product_tag-maenner","14":"product_brand-dior-reps","16":"first","17":"instock","18":"sale","19":"taxable","20":"shipping-taxable","21":"purchasable","22":"product-type-variable"},"acf":[],"jetpack_sharing_enabled":true,"_links":{"self":[{"href":"https:\/\/basereps.com\/de\/wp-json\/wp\/v2\/product\/16071","targetHints":{"allow":["GET"]}}],"collection":[{"href":"https:\/\/basereps.com\/de\/wp-json\/wp\/v2\/product"}],"about":[{"href":"https:\/\/basereps.com\/de\/wp-json\/wp\/v2\/types\/product"}],"replies":[{"embeddable":true,"href":"https:\/\/basereps.com\/de\/wp-json\/wp\/v2\/comments?post=16071"}],"version-history":[{"count":1,"href":"https:\/\/basereps.com\/de\/wp-json\/wp\/v2\/product\/16071\/revisions"}],"predecessor-version":[{"id":17137,"href":"https:\/\/basereps.com\/de\/wp-json\/wp\/v2\/product\/16071\/revisions\/17137"}],"wp:featuredmedia":[{"embeddable":true,"href":"https:\/\/basereps.com\/de\/wp-json\/wp\/v2\/media\/13480"}],"wp:attachment":[{"href":"https:\/\/basereps.com\/de\/wp-json\/wp\/v2\/media?parent=16071"}],"wp:term":[{"taxonomy":"product_cat","embeddable":true,"href":"https:\/\/basereps.com\/de\/wp-json\/wp\/v2\/product_cat?post=16071"},{"taxonomy":"product_tag","embeddable":true,"href":"https:\/\/basereps.com\/de\/wp-json\/wp\/v2\/product_tag?post=16071"}],"curies":[{"name":"wp","href":"https:\/\/api.w.org\/{rel}","templated":true}]}}