{"id":16069,"date":"2023-11-22T05:33:31","date_gmt":"2023-11-22T05:33:31","guid":{"rendered":"https:\/\/basereps.com\/weisses-fendi-sweatshirt-mit-gelber-tasche\/"},"modified":"2024-04-13T22:42:53","modified_gmt":"2024-04-13T22:42:53","slug":"weisses-fendi-sweatshirt-mit-gelber-tasche","status":"publish","type":"product","link":"https:\/\/basereps.com\/de\/produkt\/weisses-fendi-sweatshirt-mit-gelber-tasche\/","title":{"rendered":"Wei\u00dfes Fendi Sweatshirt mit gelber Tasche"},"content":{"rendered":"<p><span data-preserver-spaces=\"true\">Die <\/span><strong><br \/>\n  <span data-preserver-spaces=\"true\">Wei\u00dfes Fendi Sweatshirt mit gelber Tasche<\/span><br \/>\n<\/strong><span data-preserver-spaces=\"true\">  verbindet Eleganz mit einer verspielten Note. Perfekt f\u00fcr alle, die den Luxus von Fendi mit einem Hauch von Skurrilit\u00e4t zu sch\u00e4tzen wissen. Dieses Sweatshirt besticht durch seine leuchtend gelbe Tasche vor einem strahlend wei\u00dfen Hintergrund. Es ist eine hervorragende Erg\u00e4nzung f\u00fcr alle, die ihrer Garderobe einen frischen und modischen Touch verleihen wollen.<\/span><\/p>\n","protected":false},"excerpt":{"rendered":"<p>Die Wei\u00dfes Fendi Sweatshirt mit gelber Tasche verbindet Eleganz mit einer verspielten Note. Perfekt f\u00fcr alle, die den&hellip;<\/p>\n","protected":false},"featured_media":14254,"comment_status":"open","ping_status":"closed","template":"","meta":{"_acf_changed":false},"product_cat":[688,783,793,778,803,808],"product_tag":[686,876],"class_list":{"0":"post-16069","1":"product","2":"type-product","3":"status-publish","4":"has-post-thumbnail","6":"product_cat-damen-replica-kollektion","7":"product_cat-frauen-reps-sweatshirts","8":"product_cat-herren-kollektion","9":"product_cat-kollektion-damenbekleidung","10":"product_cat-replica-bekleidung-fuer-herren","11":"product_cat-replica-sweatshirts-fur-herren","12":"product_tag-frauen","13":"product_tag-maenner","14":"product_brand-fendi-reps","16":"first","17":"instock","18":"sale","19":"taxable","20":"shipping-taxable","21":"purchasable","22":"product-type-variable"},"acf":[],"jetpack_sharing_enabled":true,"_links":{"self":[{"href":"https:\/\/basereps.com\/de\/wp-json\/wp\/v2\/product\/16069","targetHints":{"allow":["GET"]}}],"collection":[{"href":"https:\/\/basereps.com\/de\/wp-json\/wp\/v2\/product"}],"about":[{"href":"https:\/\/basereps.com\/de\/wp-json\/wp\/v2\/types\/product"}],"replies":[{"embeddable":true,"href":"https:\/\/basereps.com\/de\/wp-json\/wp\/v2\/comments?post=16069"}],"version-history":[{"count":1,"href":"https:\/\/basereps.com\/de\/wp-json\/wp\/v2\/product\/16069\/revisions"}],"predecessor-version":[{"id":17117,"href":"https:\/\/basereps.com\/de\/wp-json\/wp\/v2\/product\/16069\/revisions\/17117"}],"wp:featuredmedia":[{"embeddable":true,"href":"https:\/\/basereps.com\/de\/wp-json\/wp\/v2\/media\/14254"}],"wp:attachment":[{"href":"https:\/\/basereps.com\/de\/wp-json\/wp\/v2\/media?parent=16069"}],"wp:term":[{"taxonomy":"product_cat","embeddable":true,"href":"https:\/\/basereps.com\/de\/wp-json\/wp\/v2\/product_cat?post=16069"},{"taxonomy":"product_tag","embeddable":true,"href":"https:\/\/basereps.com\/de\/wp-json\/wp\/v2\/product_tag?post=16069"}],"curies":[{"name":"wp","href":"https:\/\/api.w.org\/{rel}","templated":true}]}}