{"id":16065,"date":"2023-11-01T03:08:16","date_gmt":"2023-11-01T03:08:16","guid":{"rendered":"https:\/\/basereps.com\/adidas-originals-gazelle-innen-wiederholungen\/"},"modified":"2024-04-13T22:43:27","modified_gmt":"2024-04-13T22:43:27","slug":"adidas-originals-gazelle-innen-wiederholungen","status":"publish","type":"product","link":"https:\/\/basereps.com\/de\/produkt\/adidas-originals-gazelle-innen-wiederholungen\/","title":{"rendered":"Adidas Originals Gazelle Innen Wiederholungen"},"content":{"rendered":"<p>Gehen Sie zur\u00fcck in der Zeit und umarmen den zeitlosen Stil der Adidas Originals Gazelle Indoor Reps, eine sorgf\u00e4ltig gefertigte Replik der ikonischen Hof Schuhe, die nahtlos Retro-Vibes mit modernem Komfort zu mischen. Diese Adidas Originals Gazelle Indoor Reps aus hochwertigem Wildleder und Leder bieten ein au\u00dfergew\u00f6hnliches Lauferlebnis und sind eine vielseitige Erg\u00e4nzung f\u00fcr jede Garderobe.<\/p>\n","protected":false},"excerpt":{"rendered":"<p>Gehen Sie zur\u00fcck in der Zeit und umarmen den zeitlosen Stil der Adidas Originals Gazelle Indoor Reps, eine&hellip;<\/p>\n","protected":false},"featured_media":13210,"comment_status":"open","ping_status":"closed","template":"","meta":{"_acf_changed":false},"product_cat":[822,821],"product_tag":[687,686,876],"class_list":{"0":"post-16065","1":"product","2":"type-product","3":"status-publish","4":"has-post-thumbnail","6":"product_cat-adidas-reps-schuhe","7":"product_cat-reps-schuhe","8":"product_tag-dc0773-de","9":"product_tag-frauen","10":"product_tag-maenner","11":"product_brand-adidas-reps-sneakers","13":"first","14":"instock","15":"sale","16":"taxable","17":"shipping-taxable","18":"purchasable","19":"product-type-variable"},"acf":[],"jetpack_sharing_enabled":true,"_links":{"self":[{"href":"https:\/\/basereps.com\/de\/wp-json\/wp\/v2\/product\/16065","targetHints":{"allow":["GET"]}}],"collection":[{"href":"https:\/\/basereps.com\/de\/wp-json\/wp\/v2\/product"}],"about":[{"href":"https:\/\/basereps.com\/de\/wp-json\/wp\/v2\/types\/product"}],"replies":[{"embeddable":true,"href":"https:\/\/basereps.com\/de\/wp-json\/wp\/v2\/comments?post=16065"}],"version-history":[{"count":1,"href":"https:\/\/basereps.com\/de\/wp-json\/wp\/v2\/product\/16065\/revisions"}],"predecessor-version":[{"id":17150,"href":"https:\/\/basereps.com\/de\/wp-json\/wp\/v2\/product\/16065\/revisions\/17150"}],"wp:featuredmedia":[{"embeddable":true,"href":"https:\/\/basereps.com\/de\/wp-json\/wp\/v2\/media\/13210"}],"wp:attachment":[{"href":"https:\/\/basereps.com\/de\/wp-json\/wp\/v2\/media?parent=16065"}],"wp:term":[{"taxonomy":"product_cat","embeddable":true,"href":"https:\/\/basereps.com\/de\/wp-json\/wp\/v2\/product_cat?post=16065"},{"taxonomy":"product_tag","embeddable":true,"href":"https:\/\/basereps.com\/de\/wp-json\/wp\/v2\/product_tag?post=16065"}],"curies":[{"name":"wp","href":"https:\/\/api.w.org\/{rel}","templated":true}]}}