{"id":16060,"date":"2023-11-01T03:07:45","date_gmt":"2023-11-01T03:07:45","guid":{"rendered":"https:\/\/basereps.com\/air-jordan-12-retro-turnhalle-rot\/"},"modified":"2024-04-13T22:43:32","modified_gmt":"2024-04-13T22:43:32","slug":"air-jordan-12-retro-turnhalle-rot","status":"publish","type":"product","link":"https:\/\/basereps.com\/de\/produkt\/air-jordan-12-retro-turnhalle-rot\/","title":{"rendered":"Air Jordan 12 Retro Turnhalle Rot"},"content":{"rendered":"<p>Treten Sie ein in ein Erbe der Exzellenz mit dem Air Jordan 12 Retro Turnhalle Rot. Mit seinem feuerroten Farbton verk\u00f6rpert dieser Sneaker die Leidenschaft und das K\u00f6nnen auf dem Basketballplatz und ist damit eine ikonische Erg\u00e4nzung der Jordan-Linie.<\/p>\n","protected":false},"excerpt":{"rendered":"<p>Treten Sie ein in ein Erbe der Exzellenz mit dem Air Jordan 12 Retro Turnhalle Rot. Mit seinem&hellip;<\/p>\n","protected":false},"featured_media":13180,"comment_status":"open","ping_status":"closed","template":"","meta":{"_acf_changed":false},"product_cat":[831],"product_tag":[878,876],"class_list":{"0":"post-16060","1":"product","2":"type-product","3":"status-publish","4":"has-post-thumbnail","6":"product_cat-air-jordan-12-reps-schuhe","7":"product_tag-dc0779-de","8":"product_tag-maenner","9":"product_brand-nike-reps","11":"first","12":"instock","13":"sale","14":"taxable","15":"shipping-taxable","16":"purchasable","17":"product-type-variable"},"acf":[],"jetpack_sharing_enabled":true,"_links":{"self":[{"href":"https:\/\/basereps.com\/de\/wp-json\/wp\/v2\/product\/16060","targetHints":{"allow":["GET"]}}],"collection":[{"href":"https:\/\/basereps.com\/de\/wp-json\/wp\/v2\/product"}],"about":[{"href":"https:\/\/basereps.com\/de\/wp-json\/wp\/v2\/types\/product"}],"replies":[{"embeddable":true,"href":"https:\/\/basereps.com\/de\/wp-json\/wp\/v2\/comments?post=16060"}],"version-history":[{"count":1,"href":"https:\/\/basereps.com\/de\/wp-json\/wp\/v2\/product\/16060\/revisions"}],"predecessor-version":[{"id":17155,"href":"https:\/\/basereps.com\/de\/wp-json\/wp\/v2\/product\/16060\/revisions\/17155"}],"wp:featuredmedia":[{"embeddable":true,"href":"https:\/\/basereps.com\/de\/wp-json\/wp\/v2\/media\/13180"}],"wp:attachment":[{"href":"https:\/\/basereps.com\/de\/wp-json\/wp\/v2\/media?parent=16060"}],"wp:term":[{"taxonomy":"product_cat","embeddable":true,"href":"https:\/\/basereps.com\/de\/wp-json\/wp\/v2\/product_cat?post=16060"},{"taxonomy":"product_tag","embeddable":true,"href":"https:\/\/basereps.com\/de\/wp-json\/wp\/v2\/product_tag?post=16060"}],"curies":[{"name":"wp","href":"https:\/\/api.w.org\/{rel}","templated":true}]}}