{"id":15987,"date":"2023-11-01T03:01:14","date_gmt":"2023-11-01T03:01:14","guid":{"rendered":"https:\/\/basereps.com\/nike-air-force-1-niedrig-prm\/"},"modified":"2024-04-13T22:44:04","modified_gmt":"2024-04-13T22:44:04","slug":"nike-air-force-1-niedrig-prm","status":"publish","type":"product","link":"https:\/\/basereps.com\/de\/produkt\/nike-air-force-1-niedrig-prm\/","title":{"rendered":"Nike Air Force 1 Niedrig PRM"},"content":{"rendered":"<p>Der Nike Air Force 1 Low PRM (Premium) ist die Verbindung von Basketball-Tradition und modernem Luxus. Seit seinem Deb\u00fct im Jahr 1982 hat der Air Force 1 nicht nur Ma\u00dfst\u00e4be in der Welt des Basketballschuhs gesetzt, sondern ist auch zu einem Eckpfeiler der Streetwear-Kultur geworden. Die PRM-Edition mit ihren hochwertigen Materialien und Oberfl\u00e4chen ist ein Zeugnis f\u00fcr die Evolution eines Sneakers, der den Stil auf und neben dem Platz immer wieder neu definiert hat.<\/p>\n","protected":false},"excerpt":{"rendered":"<p>Der Nike Air Force 1 Low PRM (Premium) ist die Verbindung von Basketball-Tradition und modernem Luxus. Seit seinem&hellip;<\/p>\n","protected":false},"featured_media":12991,"comment_status":"open","ping_status":"closed","template":"","meta":{"_acf_changed":false},"product_cat":[866,865,844,821],"product_tag":[687,686,876],"class_list":{"0":"post-15987","1":"product","2":"type-product","3":"status-publish","4":"has-post-thumbnail","6":"product_cat-nike-air-force-1-reps-schuhe","7":"product_cat-nike-lifestyle-schuhe","8":"product_cat-nike-reps-schuhe","9":"product_cat-reps-schuhe","10":"product_tag-dc0773-de","11":"product_tag-frauen","12":"product_tag-maenner","13":"product_brand-nike-reps","15":"first","16":"instock","17":"sale","18":"taxable","19":"shipping-taxable","20":"purchasable","21":"product-type-variable"},"acf":[],"jetpack_sharing_enabled":true,"_links":{"self":[{"href":"https:\/\/basereps.com\/de\/wp-json\/wp\/v2\/product\/15987","targetHints":{"allow":["GET"]}}],"collection":[{"href":"https:\/\/basereps.com\/de\/wp-json\/wp\/v2\/product"}],"about":[{"href":"https:\/\/basereps.com\/de\/wp-json\/wp\/v2\/types\/product"}],"replies":[{"embeddable":true,"href":"https:\/\/basereps.com\/de\/wp-json\/wp\/v2\/comments?post=15987"}],"version-history":[{"count":1,"href":"https:\/\/basereps.com\/de\/wp-json\/wp\/v2\/product\/15987\/revisions"}],"predecessor-version":[{"id":17179,"href":"https:\/\/basereps.com\/de\/wp-json\/wp\/v2\/product\/15987\/revisions\/17179"}],"wp:featuredmedia":[{"embeddable":true,"href":"https:\/\/basereps.com\/de\/wp-json\/wp\/v2\/media\/12991"}],"wp:attachment":[{"href":"https:\/\/basereps.com\/de\/wp-json\/wp\/v2\/media?parent=15987"}],"wp:term":[{"taxonomy":"product_cat","embeddable":true,"href":"https:\/\/basereps.com\/de\/wp-json\/wp\/v2\/product_cat?post=15987"},{"taxonomy":"product_tag","embeddable":true,"href":"https:\/\/basereps.com\/de\/wp-json\/wp\/v2\/product_tag?post=15987"}],"curies":[{"name":"wp","href":"https:\/\/api.w.org\/{rel}","templated":true}]}}