{"id":15986,"date":"2023-11-01T02:58:43","date_gmt":"2023-11-01T02:58:43","guid":{"rendered":"https:\/\/basereps.com\/staud-x-new-balance-327-wiederholungen\/"},"modified":"2024-04-13T22:44:11","modified_gmt":"2024-04-13T22:44:11","slug":"staud-x-new-balance-327-wiederholungen","status":"publish","type":"product","link":"https:\/\/basereps.com\/de\/produkt\/staud-x-new-balance-327-wiederholungen\/","title":{"rendered":"Staud x New Balance 327 Wiederholungen"},"content":{"rendered":"<p><span data-preserver-spaces=\"true\">Treten Sie ins Rampenlicht mit dem <\/span><strong><br \/>\n  <span data-preserver-spaces=\"true\">Staud x New Balance 327 Reps<\/span><br \/>\n<\/strong><span data-preserver-spaces=\"true\">wo Retro auf Modernit\u00e4t und Mode auf Funktion trifft. Diese Replikate fangen die Essenz des k\u00fchnen und progressiven Designs von Staud ein, verbunden mit dem zeitlosen Komfort, f\u00fcr den New Balance bekannt ist. Mit seiner markanten Silhouette, die in jeder Menge auff\u00e4llt, ist der  <\/span><strong><br \/>\n  <span data-preserver-spaces=\"true\">Staud x New Balance 327 Reps<\/span><br \/>\n<\/strong><span data-preserver-spaces=\"true\"> bieten eine elegante Note, die bei Sportbekleidung selten zu finden ist.<\/span><\/p>\n","protected":false},"excerpt":{"rendered":"<p>Treten Sie ins Rampenlicht mit dem Staud x New Balance 327 Reps wo Retro auf Modernit\u00e4t und Mode&hellip;<\/p>\n","protected":false},"featured_media":12937,"comment_status":"open","ping_status":"closed","template":"","meta":{"_acf_changed":false},"product_cat":[843,821,874],"product_tag":[687,686,876],"class_list":{"0":"post-15986","1":"product","2":"type-product","3":"status-publish","4":"has-post-thumbnail","6":"product_cat-new-balance-reps-schuhe","7":"product_cat-reps-schuhe","8":"product_cat-staud-reps-schuhe","9":"product_tag-dc0773-de","10":"product_tag-frauen","11":"product_tag-maenner","12":"product_brand-new-balance-reps","13":"product_brand-staud-replica","15":"first","16":"instock","17":"sale","18":"taxable","19":"shipping-taxable","20":"purchasable","21":"product-type-variable"},"acf":[],"jetpack_sharing_enabled":true,"_links":{"self":[{"href":"https:\/\/basereps.com\/de\/wp-json\/wp\/v2\/product\/15986","targetHints":{"allow":["GET"]}}],"collection":[{"href":"https:\/\/basereps.com\/de\/wp-json\/wp\/v2\/product"}],"about":[{"href":"https:\/\/basereps.com\/de\/wp-json\/wp\/v2\/types\/product"}],"replies":[{"embeddable":true,"href":"https:\/\/basereps.com\/de\/wp-json\/wp\/v2\/comments?post=15986"}],"version-history":[{"count":1,"href":"https:\/\/basereps.com\/de\/wp-json\/wp\/v2\/product\/15986\/revisions"}],"predecessor-version":[{"id":17185,"href":"https:\/\/basereps.com\/de\/wp-json\/wp\/v2\/product\/15986\/revisions\/17185"}],"wp:featuredmedia":[{"embeddable":true,"href":"https:\/\/basereps.com\/de\/wp-json\/wp\/v2\/media\/12937"}],"wp:attachment":[{"href":"https:\/\/basereps.com\/de\/wp-json\/wp\/v2\/media?parent=15986"}],"wp:term":[{"taxonomy":"product_cat","embeddable":true,"href":"https:\/\/basereps.com\/de\/wp-json\/wp\/v2\/product_cat?post=15986"},{"taxonomy":"product_tag","embeddable":true,"href":"https:\/\/basereps.com\/de\/wp-json\/wp\/v2\/product_tag?post=15986"}],"curies":[{"name":"wp","href":"https:\/\/api.w.org\/{rel}","templated":true}]}}