{"id":15975,"date":"2023-11-01T03:02:11","date_gmt":"2023-11-01T03:02:11","guid":{"rendered":"https:\/\/basereps.com\/air-jordan-4-retro-gefrorene-momente\/"},"modified":"2024-04-13T22:43:59","modified_gmt":"2024-04-13T22:43:59","slug":"air-jordan-4-retro-gefrorene-momente","status":"publish","type":"product","link":"https:\/\/basereps.com\/de\/produkt\/air-jordan-4-retro-gefrorene-momente\/","title":{"rendered":"Air Jordan 4 Retro Gefrorene Momente"},"content":{"rendered":"<p>Versetzen Sie sich mit dem Air Jordan 4 Retro Frozen Moments in die Vergangenheit. Dieser Sneaker erinnert an ikonische Momente in der Basketballgeschichte und verk\u00f6rpert die Essenz entscheidender Spielz\u00fcge und zeitloser Leistungen, w\u00e4hrend er gleichzeitig eine Hommage an das Verm\u00e4chtnis von Michael Jordan darstellt.<\/p>\n<p>.<\/p>\n","protected":false},"excerpt":{"rendered":"<p>Versetzen Sie sich mit dem Air Jordan 4 Retro Frozen Moments in die Vergangenheit. Dieser Sneaker erinnert an&hellip;<\/p>\n","protected":false},"featured_media":13026,"comment_status":"open","ping_status":"closed","template":"","meta":{"_acf_changed":false},"product_cat":[827],"product_tag":[877,686,876],"class_list":{"0":"post-15975","1":"product","2":"type-product","3":"status-publish","4":"has-post-thumbnail","6":"product_cat-air-jordan-4-reps-schuhe","7":"product_tag-dc0775-de","8":"product_tag-frauen","9":"product_tag-maenner","10":"product_brand-nike-reps","12":"first","13":"instock","14":"sale","15":"taxable","16":"shipping-taxable","17":"purchasable","18":"product-type-variable"},"acf":[],"jetpack_sharing_enabled":true,"_links":{"self":[{"href":"https:\/\/basereps.com\/de\/wp-json\/wp\/v2\/product\/15975","targetHints":{"allow":["GET"]}}],"collection":[{"href":"https:\/\/basereps.com\/de\/wp-json\/wp\/v2\/product"}],"about":[{"href":"https:\/\/basereps.com\/de\/wp-json\/wp\/v2\/types\/product"}],"replies":[{"embeddable":true,"href":"https:\/\/basereps.com\/de\/wp-json\/wp\/v2\/comments?post=15975"}],"version-history":[{"count":1,"href":"https:\/\/basereps.com\/de\/wp-json\/wp\/v2\/product\/15975\/revisions"}],"predecessor-version":[{"id":17043,"href":"https:\/\/basereps.com\/de\/wp-json\/wp\/v2\/product\/15975\/revisions\/17043"}],"wp:featuredmedia":[{"embeddable":true,"href":"https:\/\/basereps.com\/de\/wp-json\/wp\/v2\/media\/13026"}],"wp:attachment":[{"href":"https:\/\/basereps.com\/de\/wp-json\/wp\/v2\/media?parent=15975"}],"wp:term":[{"taxonomy":"product_cat","embeddable":true,"href":"https:\/\/basereps.com\/de\/wp-json\/wp\/v2\/product_cat?post=15975"},{"taxonomy":"product_tag","embeddable":true,"href":"https:\/\/basereps.com\/de\/wp-json\/wp\/v2\/product_tag?post=15975"}],"curies":[{"name":"wp","href":"https:\/\/api.w.org\/{rel}","templated":true}]}}