{"id":15933,"date":"2023-11-01T03:04:37","date_gmt":"2023-11-01T03:04:37","guid":{"rendered":"https:\/\/basereps.com\/lacoste-masters-classic-wiederholungen\/"},"modified":"2024-04-13T22:43:45","modified_gmt":"2024-04-13T22:43:45","slug":"lacoste-masters-classic-wiederholungen","status":"publish","type":"product","link":"https:\/\/basereps.com\/de\/produkt\/lacoste-masters-classic-wiederholungen\/","title":{"rendered":"Lacoste Masters Classic Wiederholungen"},"content":{"rendered":"<p><span data-preserver-spaces=\"true\">G\u00f6nnen Sie sich die zeitlose Raffinesse der <\/span><strong><br \/>\n  <span data-preserver-spaces=\"true\">Lacoste Masters Classic Reps<\/span><br \/>\n<\/strong><span data-preserver-spaces=\"true\">Sie verk\u00f6rpern das Erbe und das Flair der kultigen Marke Lacoste und sind exquisit gestaltet. Diese Repliken bieten ein erstklassiges Aussehen und Gef\u00fchl, das die Eleganz der Originale mit einem scharfen Auge f\u00fcr Details und Qualit\u00e4t widerspiegelt. Die  <\/span><strong><br \/>\n  <span data-preserver-spaces=\"true\">Lacoste Masters Classic Reps<\/span><br \/>\n<\/strong><span data-preserver-spaces=\"true\"> sind mehr als nur Schuhe; sie sind eine Anspielung auf den klassischen Stil, neu interpretiert f\u00fcr den modernen Kenner.<\/span><\/p>\n","protected":false},"excerpt":{"rendered":"<p>G\u00f6nnen Sie sich die zeitlose Raffinesse der Lacoste Masters Classic Reps Sie verk\u00f6rpern das Erbe und das Flair&hellip;<\/p>\n","protected":false},"featured_media":13097,"comment_status":"open","ping_status":"closed","template":"","meta":{"_acf_changed":false},"product_cat":[840,821],"product_tag":[893,876],"class_list":{"0":"post-15933","1":"product","2":"type-product","3":"status-publish","4":"has-post-thumbnail","6":"product_cat-lacoste-reps-schuhe","7":"product_cat-reps-schuhe","8":"product_tag-dc0774-de","9":"product_tag-maenner","10":"product_brand-lacoste-reps","12":"first","13":"instock","14":"sale","15":"taxable","16":"shipping-taxable","17":"purchasable","18":"product-type-variable"},"acf":[],"jetpack_sharing_enabled":true,"_links":{"self":[{"href":"https:\/\/basereps.com\/de\/wp-json\/wp\/v2\/product\/15933","targetHints":{"allow":["GET"]}}],"collection":[{"href":"https:\/\/basereps.com\/de\/wp-json\/wp\/v2\/product"}],"about":[{"href":"https:\/\/basereps.com\/de\/wp-json\/wp\/v2\/types\/product"}],"replies":[{"embeddable":true,"href":"https:\/\/basereps.com\/de\/wp-json\/wp\/v2\/comments?post=15933"}],"version-history":[{"count":1,"href":"https:\/\/basereps.com\/de\/wp-json\/wp\/v2\/product\/15933\/revisions"}],"predecessor-version":[{"id":17166,"href":"https:\/\/basereps.com\/de\/wp-json\/wp\/v2\/product\/15933\/revisions\/17166"}],"wp:featuredmedia":[{"embeddable":true,"href":"https:\/\/basereps.com\/de\/wp-json\/wp\/v2\/media\/13097"}],"wp:attachment":[{"href":"https:\/\/basereps.com\/de\/wp-json\/wp\/v2\/media?parent=15933"}],"wp:term":[{"taxonomy":"product_cat","embeddable":true,"href":"https:\/\/basereps.com\/de\/wp-json\/wp\/v2\/product_cat?post=15933"},{"taxonomy":"product_tag","embeddable":true,"href":"https:\/\/basereps.com\/de\/wp-json\/wp\/v2\/product_tag?post=15933"}],"curies":[{"name":"wp","href":"https:\/\/api.w.org\/{rel}","templated":true}]}}