{"id":15917,"date":"2023-11-01T03:05:59","date_gmt":"2023-11-01T03:05:59","guid":{"rendered":"https:\/\/basereps.com\/nike-zoom-winflo-10\/"},"modified":"2024-04-13T22:43:36","modified_gmt":"2024-04-13T22:43:36","slug":"nike-zoom-winflo-10","status":"publish","type":"product","link":"https:\/\/basereps.com\/de\/produkt\/nike-zoom-winflo-10\/","title":{"rendered":"Nike Zoom WINFLO 10"},"content":{"rendered":"<p>Der Nike Zoom WINFLO 10 ist ein Beweis f\u00fcr das Engagement von Nike f\u00fcr Innovation und Leistung. Dieser Sneaker wurde f\u00fcr L\u00e4ufer entwickelt, die ein reaktionsfreudiges und komfortables Laufgef\u00fchl suchen. Er kombiniert die neueste D\u00e4mpfungstechnologie von Nike mit einem Design, das auf den modernen Athleten zugeschnitten ist. Egal, ob Sie f\u00fcr einen Marathon trainieren oder einfach nur joggen, der WINFLO 10 sorgt daf\u00fcr, dass jeder Schritt unterst\u00fctzt, effizient und stilvoll ist.<\/p>\n","protected":false},"excerpt":{"rendered":"<p>Der Nike Zoom WINFLO 10 ist ein Beweis f\u00fcr das Engagement von Nike f\u00fcr Innovation und Leistung. Dieser&hellip;<\/p>\n","protected":false},"featured_media":13140,"comment_status":"open","ping_status":"closed","template":"","meta":{"_acf_changed":false},"product_cat":[854,844,821],"product_tag":[893,876],"class_list":{"0":"post-15917","1":"product","2":"type-product","3":"status-publish","4":"has-post-thumbnail","6":"product_cat-nike-assortierte-schuhe-nike-reps-schuhe","7":"product_cat-nike-reps-schuhe","8":"product_cat-reps-schuhe","9":"product_tag-dc0774-de","10":"product_tag-maenner","11":"product_brand-nike-reps","13":"first","14":"instock","15":"sale","16":"taxable","17":"shipping-taxable","18":"purchasable","19":"product-type-variable"},"acf":[],"jetpack_sharing_enabled":true,"_links":{"self":[{"href":"https:\/\/basereps.com\/de\/wp-json\/wp\/v2\/product\/15917","targetHints":{"allow":["GET"]}}],"collection":[{"href":"https:\/\/basereps.com\/de\/wp-json\/wp\/v2\/product"}],"about":[{"href":"https:\/\/basereps.com\/de\/wp-json\/wp\/v2\/types\/product"}],"replies":[{"embeddable":true,"href":"https:\/\/basereps.com\/de\/wp-json\/wp\/v2\/comments?post=15917"}],"version-history":[{"count":1,"href":"https:\/\/basereps.com\/de\/wp-json\/wp\/v2\/product\/15917\/revisions"}],"predecessor-version":[{"id":17162,"href":"https:\/\/basereps.com\/de\/wp-json\/wp\/v2\/product\/15917\/revisions\/17162"}],"wp:featuredmedia":[{"embeddable":true,"href":"https:\/\/basereps.com\/de\/wp-json\/wp\/v2\/media\/13140"}],"wp:attachment":[{"href":"https:\/\/basereps.com\/de\/wp-json\/wp\/v2\/media?parent=15917"}],"wp:term":[{"taxonomy":"product_cat","embeddable":true,"href":"https:\/\/basereps.com\/de\/wp-json\/wp\/v2\/product_cat?post=15917"},{"taxonomy":"product_tag","embeddable":true,"href":"https:\/\/basereps.com\/de\/wp-json\/wp\/v2\/product_tag?post=15917"}],"curies":[{"name":"wp","href":"https:\/\/api.w.org\/{rel}","templated":true}]}}