{"id":15872,"date":"2023-11-01T03:02:37","date_gmt":"2023-11-01T03:02:37","guid":{"rendered":"https:\/\/basereps.com\/mcqueen-graffiti-tread-slick-lace-up-reps\/"},"modified":"2024-04-13T22:43:55","modified_gmt":"2024-04-13T22:43:55","slug":"mcqueen-graffiti-tread-slick-lace-up-reps","status":"publish","type":"product","link":"https:\/\/basereps.com\/de\/produkt\/mcqueen-graffiti-tread-slick-lace-up-reps\/","title":{"rendered":"McQueen Graffiti Tread Slick Lace Up Reps"},"content":{"rendered":"<p><span data-preserver-spaces=\"true\">Entfessle deinen inneren Rebellen mit den <\/span><strong><br \/>\n  <span data-preserver-spaces=\"true\">McQueen Graffiti Tread Slick Lace Up Reps<\/span><br \/>\n<\/strong><span data-preserver-spaces=\"true\">Schuhe, die eine gewagte Mischung aus Kunst und Haltung darstellen. Diese Replikate sind eine Hommage an die Vorliebe der Marke McQueen f\u00fcr das Au\u00dfergew\u00f6hnliche, mit gewagter Graffiti-Kunst, die jeden Schritt zu einem Statement macht. Das f\u00fcr Mutige und Stilbewusste entworfene  <\/span><strong><br \/>\n  <span data-preserver-spaces=\"true\">McQueen Graffiti Tread Slick Lace Up Reps<\/span><br \/>\n<\/strong><span data-preserver-spaces=\"true\"> bringt modische Sch\u00e4rfe in Ihr t\u00e4gliches Ensemble.<\/span><\/p>\n","protected":false},"excerpt":{"rendered":"<p>Entfessle deinen inneren Rebellen mit den McQueen Graffiti Tread Slick Lace Up Reps Schuhe, die eine gewagte Mischung&hellip;<\/p>\n","protected":false},"featured_media":13045,"comment_status":"open","ping_status":"closed","template":"","meta":{"_acf_changed":false},"product_cat":[842,821],"product_tag":[687,686,876],"class_list":{"0":"post-15872","1":"product","2":"type-product","3":"status-publish","4":"has-post-thumbnail","6":"product_cat-mcqueen-reps-schuhe","7":"product_cat-reps-schuhe","8":"product_tag-dc0773-de","9":"product_tag-frauen","10":"product_tag-maenner","11":"product_brand-alexander-mcqueen-reps","13":"first","14":"instock","15":"sale","16":"taxable","17":"shipping-taxable","18":"purchasable","19":"product-type-variable"},"acf":[],"jetpack_sharing_enabled":true,"_links":{"self":[{"href":"https:\/\/basereps.com\/de\/wp-json\/wp\/v2\/product\/15872","targetHints":{"allow":["GET"]}}],"collection":[{"href":"https:\/\/basereps.com\/de\/wp-json\/wp\/v2\/product"}],"about":[{"href":"https:\/\/basereps.com\/de\/wp-json\/wp\/v2\/types\/product"}],"replies":[{"embeddable":true,"href":"https:\/\/basereps.com\/de\/wp-json\/wp\/v2\/comments?post=15872"}],"version-history":[{"count":1,"href":"https:\/\/basereps.com\/de\/wp-json\/wp\/v2\/product\/15872\/revisions"}],"predecessor-version":[{"id":17172,"href":"https:\/\/basereps.com\/de\/wp-json\/wp\/v2\/product\/15872\/revisions\/17172"}],"wp:featuredmedia":[{"embeddable":true,"href":"https:\/\/basereps.com\/de\/wp-json\/wp\/v2\/media\/13045"}],"wp:attachment":[{"href":"https:\/\/basereps.com\/de\/wp-json\/wp\/v2\/media?parent=15872"}],"wp:term":[{"taxonomy":"product_cat","embeddable":true,"href":"https:\/\/basereps.com\/de\/wp-json\/wp\/v2\/product_cat?post=15872"},{"taxonomy":"product_tag","embeddable":true,"href":"https:\/\/basereps.com\/de\/wp-json\/wp\/v2\/product_tag?post=15872"}],"curies":[{"name":"wp","href":"https:\/\/api.w.org\/{rel}","templated":true}]}}