{"id":15862,"date":"2023-11-01T02:58:14","date_gmt":"2023-11-01T02:58:14","guid":{"rendered":"https:\/\/basereps.com\/nike-e-series-1-0\/"},"modified":"2024-04-13T22:44:15","modified_gmt":"2024-04-13T22:44:15","slug":"nike-e-series-1-0","status":"publish","type":"product","link":"https:\/\/basereps.com\/de\/produkt\/nike-e-series-1-0\/","title":{"rendered":"Nike E-SERIES 1.0"},"content":{"rendered":"<p>Die Nike E-SERIES 1.0 ist ein Beweis f\u00fcr das Engagement von Nike, Sportschuhe zu revolutionieren. Diese Schuhe wurden f\u00fcr engagierte Sportler und Fitness-Enthusiasten entwickelt und \u00fcberschreiten traditionelle Grenzen, indem sie modernes Design, reaktionsfreudige D\u00e4mpfung und vielseitige Leistung kombinieren.<\/p>\n<p>Das dynamische Design der Nike E-SERIES 1.0 zieht sofort die Aufmerksamkeit auf sich und setzt in jeder Fitnessumgebung ein mutiges Statement. Ganz gleich, ob Sie hochintensives Kardio- oder gezieltes Krafttraining absolvieren, diese Schuhe bieten die optimale Kombination aus Stil und Funktionalit\u00e4t.<\/p>\n","protected":false},"excerpt":{"rendered":"<p>Die Nike E-SERIES 1.0 ist ein Beweis f\u00fcr das Engagement von Nike, Sportschuhe zu revolutionieren. Diese Schuhe wurden&hellip;<\/p>\n","protected":false},"featured_media":12917,"comment_status":"open","ping_status":"closed","template":"","meta":{"_acf_changed":false},"product_cat":[854,844,821],"product_tag":[893,876],"class_list":{"0":"post-15862","1":"product","2":"type-product","3":"status-publish","4":"has-post-thumbnail","6":"product_cat-nike-assortierte-schuhe-nike-reps-schuhe","7":"product_cat-nike-reps-schuhe","8":"product_cat-reps-schuhe","9":"product_tag-dc0774-de","10":"product_tag-maenner","11":"product_brand-nike-reps","13":"first","14":"instock","15":"sale","16":"taxable","17":"shipping-taxable","18":"purchasable","19":"product-type-variable"},"acf":[],"jetpack_sharing_enabled":true,"_links":{"self":[{"href":"https:\/\/basereps.com\/de\/wp-json\/wp\/v2\/product\/15862","targetHints":{"allow":["GET"]}}],"collection":[{"href":"https:\/\/basereps.com\/de\/wp-json\/wp\/v2\/product"}],"about":[{"href":"https:\/\/basereps.com\/de\/wp-json\/wp\/v2\/types\/product"}],"replies":[{"embeddable":true,"href":"https:\/\/basereps.com\/de\/wp-json\/wp\/v2\/comments?post=15862"}],"version-history":[{"count":1,"href":"https:\/\/basereps.com\/de\/wp-json\/wp\/v2\/product\/15862\/revisions"}],"predecessor-version":[{"id":17186,"href":"https:\/\/basereps.com\/de\/wp-json\/wp\/v2\/product\/15862\/revisions\/17186"}],"wp:featuredmedia":[{"embeddable":true,"href":"https:\/\/basereps.com\/de\/wp-json\/wp\/v2\/media\/12917"}],"wp:attachment":[{"href":"https:\/\/basereps.com\/de\/wp-json\/wp\/v2\/media?parent=15862"}],"wp:term":[{"taxonomy":"product_cat","embeddable":true,"href":"https:\/\/basereps.com\/de\/wp-json\/wp\/v2\/product_cat?post=15862"},{"taxonomy":"product_tag","embeddable":true,"href":"https:\/\/basereps.com\/de\/wp-json\/wp\/v2\/product_tag?post=15862"}],"curies":[{"name":"wp","href":"https:\/\/api.w.org\/{rel}","templated":true}]}}