{"id":15857,"date":"2023-11-01T03:00:34","date_gmt":"2023-11-01T03:00:34","guid":{"rendered":"https:\/\/basereps.com\/nike-air-max-270-react\/"},"modified":"2024-04-13T22:44:07","modified_gmt":"2024-04-13T22:44:07","slug":"nike-air-max-270-react","status":"publish","type":"product","link":"https:\/\/basereps.com\/de\/produkt\/nike-air-max-270-react\/","title":{"rendered":"Nike Air Max 270 React"},"content":{"rendered":"<p>Der Nike Air Max 270 React ist ein Beweis f\u00fcr Nikes anhaltendes Engagement f\u00fcr Innovation und sein reiches sportliches Erbe. Durch die Kombination von zwei der fortschrittlichsten D\u00e4mpfungssysteme von Nike, dem Air Max und dem React, stellt dieser Sneaker ein neues Kapitel in der Air Max-Linie dar. Der aus jahrzehntelanger Forschung und Entwicklung hervorgegangene 270 React ist eine Verschmelzung von Komfort, Stil und Leistung und verk\u00f6rpert den Geist von Nikes unerm\u00fcdlichem Streben nach Spitzenleistungen seit 1964.<\/p>\n","protected":false},"excerpt":{"rendered":"<p>Der Nike Air Max 270 React ist ein Beweis f\u00fcr Nikes anhaltendes Engagement f\u00fcr Innovation und sein reiches&hellip;<\/p>\n","protected":false},"featured_media":12967,"comment_status":"open","ping_status":"closed","template":"","meta":{"_acf_changed":false},"product_cat":[850,845,844,821],"product_tag":[687,686,876],"class_list":{"0":"post-15857","1":"product","2":"type-product","3":"status-publish","4":"has-post-thumbnail","6":"product_cat-air-max-270-reps-schuhe","7":"product_cat-nike-air-max-reps-schuhe","8":"product_cat-nike-reps-schuhe","9":"product_cat-reps-schuhe","10":"product_tag-dc0773-de","11":"product_tag-frauen","12":"product_tag-maenner","13":"product_brand-nike-reps","15":"first","16":"instock","17":"sale","18":"taxable","19":"shipping-taxable","20":"purchasable","21":"product-type-variable"},"acf":[],"jetpack_sharing_enabled":true,"_links":{"self":[{"href":"https:\/\/basereps.com\/de\/wp-json\/wp\/v2\/product\/15857","targetHints":{"allow":["GET"]}}],"collection":[{"href":"https:\/\/basereps.com\/de\/wp-json\/wp\/v2\/product"}],"about":[{"href":"https:\/\/basereps.com\/de\/wp-json\/wp\/v2\/types\/product"}],"replies":[{"embeddable":true,"href":"https:\/\/basereps.com\/de\/wp-json\/wp\/v2\/comments?post=15857"}],"version-history":[{"count":1,"href":"https:\/\/basereps.com\/de\/wp-json\/wp\/v2\/product\/15857\/revisions"}],"predecessor-version":[{"id":17181,"href":"https:\/\/basereps.com\/de\/wp-json\/wp\/v2\/product\/15857\/revisions\/17181"}],"wp:featuredmedia":[{"embeddable":true,"href":"https:\/\/basereps.com\/de\/wp-json\/wp\/v2\/media\/12967"}],"wp:attachment":[{"href":"https:\/\/basereps.com\/de\/wp-json\/wp\/v2\/media?parent=15857"}],"wp:term":[{"taxonomy":"product_cat","embeddable":true,"href":"https:\/\/basereps.com\/de\/wp-json\/wp\/v2\/product_cat?post=15857"},{"taxonomy":"product_tag","embeddable":true,"href":"https:\/\/basereps.com\/de\/wp-json\/wp\/v2\/product_tag?post=15857"}],"curies":[{"name":"wp","href":"https:\/\/api.w.org\/{rel}","templated":true}]}}