{"id":15842,"date":"2023-11-01T03:05:33","date_gmt":"2023-11-01T03:05:33","guid":{"rendered":"https:\/\/basereps.com\/adidas-originals-campus-00s-wiederholungen\/"},"modified":"2024-04-13T22:43:40","modified_gmt":"2024-04-13T22:43:40","slug":"adidas-originals-campus-00s-wiederholungen","status":"publish","type":"product","link":"https:\/\/basereps.com\/de\/produkt\/adidas-originals-campus-00s-wiederholungen\/","title":{"rendered":"Adidas Originals Campus 00S Wiederholungen"},"content":{"rendered":"<p>Entfache deine Leidenschaft f\u00fcr Vintage-Flair mit dem Adidas Originals Campus 00S Reps, eine frische Version einer legend\u00e4ren Silhouette, die Generationen \u00fcberdauert hat. Diese Sneaker ehren ihre Wurzeln mit einem Design, das sowohl zeitlos als auch hochmodern ist, dank eines luxuri\u00f6sen Obermaterials aus Wildleder und einer verst\u00e4rkten Zehenkappe, die eine Anspielung auf ihr Court-Erbe ist.<\/p>\n<p>Elegant und anspruchsvoll, das stromlinienf\u00f6rmige Profil dieser Adidas Originals Campus 00S Reps ist so stilvoll auf den Stra\u00dfen der Stadt von heute, wie es auf den Pl\u00e4tzen der Vergangenheit war. Die ikonischen 3-Streifen, die in kontrastierenden Farben gehalten sind, verankern das Design im reichen Erbe von Adidas und machen den Adidas Originals Campus 00S Reps zu einem unverzichtbaren Teil der zeitgen\u00f6ssischen Schuhkultur.<\/p>\n","protected":false},"excerpt":{"rendered":"<p>Entfache deine Leidenschaft f\u00fcr Vintage-Flair mit dem Adidas Originals Campus 00S Reps, eine frische Version einer legend\u00e4ren Silhouette,&hellip;<\/p>\n","protected":false},"featured_media":13122,"comment_status":"open","ping_status":"closed","template":"","meta":{"_acf_changed":false},"product_cat":[822,821],"product_tag":[687,686,876],"class_list":{"0":"post-15842","1":"product","2":"type-product","3":"status-publish","4":"has-post-thumbnail","6":"product_cat-adidas-reps-schuhe","7":"product_cat-reps-schuhe","8":"product_tag-dc0773-de","9":"product_tag-frauen","10":"product_tag-maenner","11":"product_brand-adidas-reps-sneakers","13":"first","14":"instock","15":"sale","16":"taxable","17":"shipping-taxable","18":"purchasable","19":"product-type-variable"},"acf":[],"jetpack_sharing_enabled":true,"_links":{"self":[{"href":"https:\/\/basereps.com\/de\/wp-json\/wp\/v2\/product\/15842","targetHints":{"allow":["GET"]}}],"collection":[{"href":"https:\/\/basereps.com\/de\/wp-json\/wp\/v2\/product"}],"about":[{"href":"https:\/\/basereps.com\/de\/wp-json\/wp\/v2\/types\/product"}],"replies":[{"embeddable":true,"href":"https:\/\/basereps.com\/de\/wp-json\/wp\/v2\/comments?post=15842"}],"version-history":[{"count":1,"href":"https:\/\/basereps.com\/de\/wp-json\/wp\/v2\/product\/15842\/revisions"}],"predecessor-version":[{"id":17164,"href":"https:\/\/basereps.com\/de\/wp-json\/wp\/v2\/product\/15842\/revisions\/17164"}],"wp:featuredmedia":[{"embeddable":true,"href":"https:\/\/basereps.com\/de\/wp-json\/wp\/v2\/media\/13122"}],"wp:attachment":[{"href":"https:\/\/basereps.com\/de\/wp-json\/wp\/v2\/media?parent=15842"}],"wp:term":[{"taxonomy":"product_cat","embeddable":true,"href":"https:\/\/basereps.com\/de\/wp-json\/wp\/v2\/product_cat?post=15842"},{"taxonomy":"product_tag","embeddable":true,"href":"https:\/\/basereps.com\/de\/wp-json\/wp\/v2\/product_tag?post=15842"}],"curies":[{"name":"wp","href":"https:\/\/api.w.org\/{rel}","templated":true}]}}