{"id":15841,"date":"2023-11-01T03:01:15","date_gmt":"2023-11-01T03:01:15","guid":{"rendered":"https:\/\/basereps.com\/off-white-abwesenheitsvertreter\/"},"modified":"2024-04-13T22:44:02","modified_gmt":"2024-04-13T22:44:02","slug":"off-white-abwesenheitsvertreter","status":"publish","type":"product","link":"https:\/\/basereps.com\/de\/produkt\/off-white-abwesenheitsvertreter\/","title":{"rendered":"Off-White Abwesenheitsvertreter"},"content":{"rendered":"<p><span data-preserver-spaces=\"true\">Treten Sie an die Spitze der Mode mit den <\/span><strong><br \/>\n  <span data-preserver-spaces=\"true\">Off-White Out Of Office Reps<\/span><br \/>\n<\/strong><span data-preserver-spaces=\"true\">eine modische Hommage an Virgil Ablohs vision\u00e4re Designprinzipien. Diese Repliken spiegeln die k\u00fchne Aussage des Originals \u00fcber Freizeit und Luxus wider und verbinden die Sensibilit\u00e4t der Stra\u00dfe mit der Raffinesse der High-End-Mode. Die  <\/span><strong><br \/>\n  <span data-preserver-spaces=\"true\">Die Off-White Out Of Office Reps<\/span><br \/>\n<\/strong><span data-preserver-spaces=\"true\"> sind mehr als nur Turnschuhe; sie sind ein Gespr\u00e4chsthema, eine Mischung aus zeitgen\u00f6ssischer Kunst und Turnschuhkultur.<\/span><\/p>\n","protected":false},"excerpt":{"rendered":"<p>Treten Sie an die Spitze der Mode mit den Off-White Out Of Office Reps eine modische Hommage an&hellip;<\/p>\n","protected":false},"featured_media":13001,"comment_status":"open","ping_status":"closed","template":"","meta":{"_acf_changed":false},"product_cat":[822,873,821],"product_tag":[897,686,876],"class_list":{"0":"post-15841","1":"product","2":"type-product","3":"status-publish","4":"has-post-thumbnail","6":"product_cat-adidas-reps-schuhe","7":"product_cat-off-white-reps-schuhe","8":"product_cat-reps-schuhe","9":"product_tag-dc0781-de","10":"product_tag-frauen","11":"product_tag-maenner","12":"product_brand-off-white-reps","14":"first","15":"instock","16":"sale","17":"taxable","18":"shipping-taxable","19":"purchasable","20":"product-type-variable"},"acf":[],"jetpack_sharing_enabled":true,"_links":{"self":[{"href":"https:\/\/basereps.com\/de\/wp-json\/wp\/v2\/product\/15841","targetHints":{"allow":["GET"]}}],"collection":[{"href":"https:\/\/basereps.com\/de\/wp-json\/wp\/v2\/product"}],"about":[{"href":"https:\/\/basereps.com\/de\/wp-json\/wp\/v2\/types\/product"}],"replies":[{"embeddable":true,"href":"https:\/\/basereps.com\/de\/wp-json\/wp\/v2\/comments?post=15841"}],"version-history":[{"count":1,"href":"https:\/\/basereps.com\/de\/wp-json\/wp\/v2\/product\/15841\/revisions"}],"predecessor-version":[{"id":17177,"href":"https:\/\/basereps.com\/de\/wp-json\/wp\/v2\/product\/15841\/revisions\/17177"}],"wp:featuredmedia":[{"embeddable":true,"href":"https:\/\/basereps.com\/de\/wp-json\/wp\/v2\/media\/13001"}],"wp:attachment":[{"href":"https:\/\/basereps.com\/de\/wp-json\/wp\/v2\/media?parent=15841"}],"wp:term":[{"taxonomy":"product_cat","embeddable":true,"href":"https:\/\/basereps.com\/de\/wp-json\/wp\/v2\/product_cat?post=15841"},{"taxonomy":"product_tag","embeddable":true,"href":"https:\/\/basereps.com\/de\/wp-json\/wp\/v2\/product_tag?post=15841"}],"curies":[{"name":"wp","href":"https:\/\/api.w.org\/{rel}","templated":true}]}}