{"id":15838,"date":"2023-11-01T03:02:36","date_gmt":"2023-11-01T03:02:36","guid":{"rendered":"https:\/\/basereps.com\/louis-vuitton-trainer-sneaker-reps\/"},"modified":"2024-04-13T22:43:56","modified_gmt":"2024-04-13T22:43:56","slug":"louis-vuitton-trainer-sneaker-reps","status":"publish","type":"product","link":"https:\/\/basereps.com\/de\/produkt\/louis-vuitton-trainer-sneaker-reps\/","title":{"rendered":"Louis Vuitton Trainer Sneaker Reps"},"content":{"rendered":"<p><span data-preserver-spaces=\"true\">Treten Sie ein in eine Welt un\u00fcbertroffener Handwerkskunst mit dem <\/span><strong><br \/>\n  <span data-preserver-spaces=\"true\">Louis Vuitton Trainer Sneaker Reps<\/span><br \/>\n<\/strong><span data-preserver-spaces=\"true\">. Diese sorgf\u00e4ltig gefertigten Repliken, die dem ikonischen Designethos von Louis Vuitton nachempfunden sind, zeugen von zeitlosem Stil und modernem Flair. Von den detaillierten N\u00e4hten bis hin zur Auswahl der edlen Materialien wird jedes Element sorgf\u00e4ltig nachgebildet, um Ihnen das luxuri\u00f6se Erlebnis zu bieten, f\u00fcr das die Marke steht.<\/span><\/p>\n","protected":false},"excerpt":{"rendered":"<p>Treten Sie ein in eine Welt un\u00fcbertroffener Handwerkskunst mit dem Louis Vuitton Trainer Sneaker Reps . Diese sorgf\u00e4ltig&hellip;<\/p>\n","protected":false},"featured_media":13038,"comment_status":"open","ping_status":"closed","template":"","meta":{"_acf_changed":false},"product_cat":[839,821],"product_tag":[687,686,876],"class_list":{"0":"post-15838","1":"product","2":"type-product","3":"status-publish","4":"has-post-thumbnail","6":"product_cat-lv-reps-schuhe","7":"product_cat-reps-schuhe","8":"product_tag-dc0773-de","9":"product_tag-frauen","10":"product_tag-maenner","11":"product_brand-louis-vuitton-replica","13":"first","14":"instock","15":"sale","16":"taxable","17":"shipping-taxable","18":"purchasable","19":"product-type-variable"},"acf":[],"jetpack_sharing_enabled":true,"_links":{"self":[{"href":"https:\/\/basereps.com\/de\/wp-json\/wp\/v2\/product\/15838","targetHints":{"allow":["GET"]}}],"collection":[{"href":"https:\/\/basereps.com\/de\/wp-json\/wp\/v2\/product"}],"about":[{"href":"https:\/\/basereps.com\/de\/wp-json\/wp\/v2\/types\/product"}],"replies":[{"embeddable":true,"href":"https:\/\/basereps.com\/de\/wp-json\/wp\/v2\/comments?post=15838"}],"version-history":[{"count":1,"href":"https:\/\/basereps.com\/de\/wp-json\/wp\/v2\/product\/15838\/revisions"}],"predecessor-version":[{"id":17173,"href":"https:\/\/basereps.com\/de\/wp-json\/wp\/v2\/product\/15838\/revisions\/17173"}],"wp:featuredmedia":[{"embeddable":true,"href":"https:\/\/basereps.com\/de\/wp-json\/wp\/v2\/media\/13038"}],"wp:attachment":[{"href":"https:\/\/basereps.com\/de\/wp-json\/wp\/v2\/media?parent=15838"}],"wp:term":[{"taxonomy":"product_cat","embeddable":true,"href":"https:\/\/basereps.com\/de\/wp-json\/wp\/v2\/product_cat?post=15838"},{"taxonomy":"product_tag","embeddable":true,"href":"https:\/\/basereps.com\/de\/wp-json\/wp\/v2\/product_tag?post=15838"}],"curies":[{"name":"wp","href":"https:\/\/api.w.org\/{rel}","templated":true}]}}