{"id":15783,"date":"2023-11-01T02:57:10","date_gmt":"2023-11-01T02:57:10","guid":{"rendered":"https:\/\/basereps.com\/nike-air-zoom-pegasus-40\/"},"modified":"2024-04-13T22:44:25","modified_gmt":"2024-04-13T22:44:25","slug":"nike-air-zoom-pegasus-40","status":"publish","type":"product","link":"https:\/\/basereps.com\/de\/produkt\/nike-air-zoom-pegasus-40\/","title":{"rendered":"Nike Air Zoom Pegasus 40"},"content":{"rendered":"<p>Der Nike Air Zoom Pegasus 40 ist das neueste Kapitel in einer Reihe von Laufschuhen, die zum Synonym f\u00fcr Exzellenz und Innovation geworden sind. Seit der Einf\u00fchrung der Pegasus-Serie im Jahr 1983 ist sie sowohl bei Profisportlern als auch bei Freizeitl\u00e4ufern beliebt. Der Pegasus 40 setzt mit seinen fortschrittlichen Funktionen und seinem Design die Tradition von Nike fort, sportliche Leistungen zu steigern und gleichzeitig Trends im Schuhdesign zu setzen.<\/p>\n","protected":false},"excerpt":{"rendered":"<p>Der Nike Air Zoom Pegasus 40 ist das neueste Kapitel in einer Reihe von Laufschuhen, die zum Synonym&hellip;<\/p>\n","protected":false},"featured_media":12853,"comment_status":"open","ping_status":"closed","template":"","meta":{"_acf_changed":false},"product_cat":[854,844,821],"product_tag":[687,686,876],"class_list":{"0":"post-15783","1":"product","2":"type-product","3":"status-publish","4":"has-post-thumbnail","6":"product_cat-nike-assortierte-schuhe-nike-reps-schuhe","7":"product_cat-nike-reps-schuhe","8":"product_cat-reps-schuhe","9":"product_tag-dc0773-de","10":"product_tag-frauen","11":"product_tag-maenner","12":"product_brand-nike-reps","14":"first","15":"instock","16":"sale","17":"taxable","18":"shipping-taxable","19":"purchasable","20":"product-type-variable"},"acf":[],"jetpack_sharing_enabled":true,"_links":{"self":[{"href":"https:\/\/basereps.com\/de\/wp-json\/wp\/v2\/product\/15783","targetHints":{"allow":["GET"]}}],"collection":[{"href":"https:\/\/basereps.com\/de\/wp-json\/wp\/v2\/product"}],"about":[{"href":"https:\/\/basereps.com\/de\/wp-json\/wp\/v2\/types\/product"}],"replies":[{"embeddable":true,"href":"https:\/\/basereps.com\/de\/wp-json\/wp\/v2\/comments?post=15783"}],"version-history":[{"count":1,"href":"https:\/\/basereps.com\/de\/wp-json\/wp\/v2\/product\/15783\/revisions"}],"predecessor-version":[{"id":17193,"href":"https:\/\/basereps.com\/de\/wp-json\/wp\/v2\/product\/15783\/revisions\/17193"}],"wp:featuredmedia":[{"embeddable":true,"href":"https:\/\/basereps.com\/de\/wp-json\/wp\/v2\/media\/12853"}],"wp:attachment":[{"href":"https:\/\/basereps.com\/de\/wp-json\/wp\/v2\/media?parent=15783"}],"wp:term":[{"taxonomy":"product_cat","embeddable":true,"href":"https:\/\/basereps.com\/de\/wp-json\/wp\/v2\/product_cat?post=15783"},{"taxonomy":"product_tag","embeddable":true,"href":"https:\/\/basereps.com\/de\/wp-json\/wp\/v2\/product_tag?post=15783"}],"curies":[{"name":"wp","href":"https:\/\/api.w.org\/{rel}","templated":true}]}}