{"id":15764,"date":"2023-11-01T02:58:12","date_gmt":"2023-11-01T02:58:12","guid":{"rendered":"https:\/\/basereps.com\/air-jordan-1-high-og\/"},"modified":"2024-04-13T22:44:18","modified_gmt":"2024-04-13T22:44:18","slug":"air-jordan-1-reps-high-og","status":"publish","type":"product","link":"https:\/\/basereps.com\/de\/produkt\/air-jordan-1-reps-high-og\/","title":{"rendered":"Air Jordan 1 Reps High OG"},"content":{"rendered":"<p>Der Air Jordan 1 Reps High OG verk\u00f6rpert das anhaltende Erbe der ikonischen Air Jordan 1 Reps Linie. Seit seinem Deb\u00fct im Jahr 1985 hat der Air Jordan 1 Reps kontinuierlich die Sneaker-Kultur neu definiert. Entworfen von Peter Moore, zollt der Reps High OG dem bahnbrechenden \u00e4sthetischen Original Tribut, gekennzeichnet durch k\u00fchne Farbgestaltung und das ikonische Wings-Logo, was einen neuen Standard f\u00fcr sportliche Schuhe setzte. Mit jeder Reps-Iteration, einschlie\u00dflich des Reps High OG, bewahrt dieser Sneaker seinen Ruf als Symbol f\u00fcr Rebellion und Selbstausdruck. Die Reps High OG repliziert die charakteristischen Designelemente, die den Air Jordan 1 Reps zu einem kulturellen Ph\u00e4nomen gemacht haben. Der Sneaker spiegelt getreu das von den Chicago Bulls inspirierte Farbschema und hochwertige Materialien wider, betont dabei den anhaltenden Einfluss und die historische Bedeutung des Air Jordan 1 Reps High OG in den Bereichen Sport und Mode.<\/p>\n","protected":false},"excerpt":{"rendered":"<p>Der Air Jordan 1 Reps High OG verk\u00f6rpert das anhaltende Erbe der ikonischen Air Jordan 1 Reps Linie.&hellip;<\/p>\n","protected":false},"featured_media":12893,"comment_status":"open","ping_status":"closed","template":"","meta":{"_acf_changed":false},"product_cat":[825,824,821],"product_tag":[687,686,876],"class_list":{"0":"post-15764","1":"product","2":"type-product","3":"status-publish","4":"has-post-thumbnail","6":"product_cat-air-jordan-1-reps-schuhe","7":"product_cat-air-jordan-reps-schuhe","8":"product_cat-reps-schuhe","9":"product_tag-dc0773-de","10":"product_tag-frauen","11":"product_tag-maenner","12":"product_brand-nike-reps","14":"first","15":"instock","16":"sale","17":"taxable","18":"shipping-taxable","19":"purchasable","20":"product-type-variable"},"acf":[],"jetpack_sharing_enabled":true,"_links":{"self":[{"href":"https:\/\/basereps.com\/de\/wp-json\/wp\/v2\/product\/15764","targetHints":{"allow":["GET"]}}],"collection":[{"href":"https:\/\/basereps.com\/de\/wp-json\/wp\/v2\/product"}],"about":[{"href":"https:\/\/basereps.com\/de\/wp-json\/wp\/v2\/types\/product"}],"replies":[{"embeddable":true,"href":"https:\/\/basereps.com\/de\/wp-json\/wp\/v2\/comments?post=15764"}],"version-history":[{"count":2,"href":"https:\/\/basereps.com\/de\/wp-json\/wp\/v2\/product\/15764\/revisions"}],"predecessor-version":[{"id":16825,"href":"https:\/\/basereps.com\/de\/wp-json\/wp\/v2\/product\/15764\/revisions\/16825"}],"wp:featuredmedia":[{"embeddable":true,"href":"https:\/\/basereps.com\/de\/wp-json\/wp\/v2\/media\/12893"}],"wp:attachment":[{"href":"https:\/\/basereps.com\/de\/wp-json\/wp\/v2\/media?parent=15764"}],"wp:term":[{"taxonomy":"product_cat","embeddable":true,"href":"https:\/\/basereps.com\/de\/wp-json\/wp\/v2\/product_cat?post=15764"},{"taxonomy":"product_tag","embeddable":true,"href":"https:\/\/basereps.com\/de\/wp-json\/wp\/v2\/product_tag?post=15764"}],"curies":[{"name":"wp","href":"https:\/\/api.w.org\/{rel}","templated":true}]}}