{"id":15763,"date":"2023-11-01T02:56:36","date_gmt":"2023-11-01T02:56:36","guid":{"rendered":"https:\/\/basereps.com\/nike-blazer-niedrig-1977-vntg\/"},"modified":"2024-04-13T22:44:26","modified_gmt":"2024-04-13T22:44:26","slug":"nike-blazer-niedrig-1977-vntg","status":"publish","type":"product","link":"https:\/\/basereps.com\/de\/produkt\/nike-blazer-niedrig-1977-vntg\/","title":{"rendered":"Nike Blazer Niedrig 1977 VNTG"},"content":{"rendered":"<p>Der Nike Blazer Low &#8218;1977 VNTG ist eine nostalgische Anspielung auf die goldene \u00c4ra des Basketballs und der Turnschuhkultur. Der Nike Blazer, der Anfang der 1970er Jahre eingef\u00fchrt wurde, wurde auf dem Basketballplatz sofort zum Klassiker und bald darauf auch auf der Stra\u00dfe zu einer Stilikone. Die &#8218;1977 VNTG-Edition f\u00e4ngt die Essenz dieser Zeit ein und verbindet Vintage-\u00c4sthetik mit moderner Handwerkskunst, was ihn zu einem zeitlosen St\u00fcck in jeder Sneakersammlung macht.<\/p>\n","protected":false},"excerpt":{"rendered":"<p>Der Nike Blazer Low &#8218;1977 VNTG ist eine nostalgische Anspielung auf die goldene \u00c4ra des Basketballs und der&hellip;<\/p>\n","protected":false},"featured_media":12847,"comment_status":"open","ping_status":"closed","template":"","meta":{"_acf_changed":false},"product_cat":[854,844,821],"product_tag":[687,686,876],"class_list":{"0":"post-15763","1":"product","2":"type-product","3":"status-publish","4":"has-post-thumbnail","6":"product_cat-nike-assortierte-schuhe-nike-reps-schuhe","7":"product_cat-nike-reps-schuhe","8":"product_cat-reps-schuhe","9":"product_tag-dc0773-de","10":"product_tag-frauen","11":"product_tag-maenner","12":"product_brand-nike-reps","14":"first","15":"instock","16":"sale","17":"taxable","18":"shipping-taxable","19":"purchasable","20":"product-type-variable"},"acf":[],"jetpack_sharing_enabled":true,"_links":{"self":[{"href":"https:\/\/basereps.com\/de\/wp-json\/wp\/v2\/product\/15763","targetHints":{"allow":["GET"]}}],"collection":[{"href":"https:\/\/basereps.com\/de\/wp-json\/wp\/v2\/product"}],"about":[{"href":"https:\/\/basereps.com\/de\/wp-json\/wp\/v2\/types\/product"}],"replies":[{"embeddable":true,"href":"https:\/\/basereps.com\/de\/wp-json\/wp\/v2\/comments?post=15763"}],"version-history":[{"count":1,"href":"https:\/\/basereps.com\/de\/wp-json\/wp\/v2\/product\/15763\/revisions"}],"predecessor-version":[{"id":17196,"href":"https:\/\/basereps.com\/de\/wp-json\/wp\/v2\/product\/15763\/revisions\/17196"}],"wp:featuredmedia":[{"embeddable":true,"href":"https:\/\/basereps.com\/de\/wp-json\/wp\/v2\/media\/12847"}],"wp:attachment":[{"href":"https:\/\/basereps.com\/de\/wp-json\/wp\/v2\/media?parent=15763"}],"wp:term":[{"taxonomy":"product_cat","embeddable":true,"href":"https:\/\/basereps.com\/de\/wp-json\/wp\/v2\/product_cat?post=15763"},{"taxonomy":"product_tag","embeddable":true,"href":"https:\/\/basereps.com\/de\/wp-json\/wp\/v2\/product_tag?post=15763"}],"curies":[{"name":"wp","href":"https:\/\/api.w.org\/{rel}","templated":true}]}}